{"id":521,"date":"2021-07-19T12:28:11","date_gmt":"2021-07-19T12:28:11","guid":{"rendered":"https:\/\/heo.hu\/?page_id=521"},"modified":"2022-09-21T13:20:09","modified_gmt":"2022-09-21T13:20:09","slug":"klauzal-utcai-ovoda","status":"publish","type":"page","link":"https:\/\/heo.hu\/?page_id=521","title":{"rendered":"Klauz\u00e1l Utcai \u00d3voda"},"content":{"rendered":"\t\t<div data-elementor-type=\"wp-page\" data-elementor-id=\"521\" class=\"elementor elementor-521\" data-elementor-settings=\"{&quot;ha_cmc_init_switcher&quot;:&quot;no&quot;}\">\n\t\t\t\t\t\t<section class=\"elementor-section elementor-top-section elementor-element elementor-element-908dea8 elementor-section-full_width elementor-section-height-default elementor-section-height-default\" data-id=\"908dea8\" data-element_type=\"section\" data-e-type=\"section\" data-settings=\"{&quot;_ha_eqh_enable&quot;:false}\">\n\t\t\t\t\t\t<div class=\"elementor-container elementor-column-gap-default\">\n\t\t\t\t\t<div class=\"elementor-column elementor-col-100 elementor-top-column elementor-element elementor-element-9fa8882\" data-id=\"9fa8882\" data-element_type=\"column\" data-e-type=\"column\">\n\t\t\t<div class=\"elementor-widget-wrap elementor-element-populated\">\n\t\t\t\t\t\t<div class=\"elementor-element elementor-element-9c587f1 elementor-widget elementor-widget-heading\" data-id=\"9c587f1\" data-element_type=\"widget\" data-e-type=\"widget\" data-widget_type=\"heading.default\">\n\t\t\t\t<div class=\"elementor-widget-container\">\n\t\t\t\t\t<h2 class=\"elementor-heading-title elementor-size-default\">  <\/h2>\t\t\t\t<\/div>\n\t\t\t\t<\/div>\n\t\t\t\t\t<\/div>\n\t\t<\/div>\n\t\t\t\t\t<\/div>\n\t\t<\/section>\n\t\t\t\t<section class=\"elementor-section elementor-top-section elementor-element elementor-element-9e2da48 elementor-section-stretched elementor-section-full_width elementor-section-height-default elementor-section-height-default\" data-id=\"9e2da48\" data-element_type=\"section\" data-e-type=\"section\" data-settings=\"{&quot;stretch_section&quot;:&quot;section-stretched&quot;,&quot;_ha_eqh_enable&quot;:false}\">\n\t\t\t\t\t\t<div class=\"elementor-container elementor-column-gap-default\">\n\t\t\t\t\t<div class=\"elementor-column elementor-col-25 elementor-top-column elementor-element elementor-element-a8b209e\" data-id=\"a8b209e\" data-element_type=\"column\" data-e-type=\"column\">\n\t\t\t<div class=\"elementor-widget-wrap elementor-element-populated\">\n\t\t\t\t\t\t<div class=\"elementor-element elementor-element-7a51e4b ha-card--top ha-card--tablet-top ha-card--mobile-top elementor-widget elementor-widget-ha-card happy-addon ha-card\" data-id=\"7a51e4b\" data-element_type=\"widget\" data-e-type=\"widget\" id=\"#magunkrol\" data-widget_type=\"ha-card.default\">\n\t\t\t\t<div class=\"elementor-widget-container\">\n\t\t\t\t\t\n\t\t\n\t\t<div class=\"ha-card-body\">\n\n\t\t\t<h2 class=\"ha-card-title\">H\u00edrek<\/h2>\n\t\t\t\t\t\t\t<div class=\"ha-card-text\">\n\t\t\t\t\t<p>Int\u00e9zm\u00e9nyegys\u00e9gek bemutat\u00e1sa<\/p>\n\t\t\t\t<\/div>\n\t\t\t\n\t\t\t<a class=\"ha-btn\" href=\"https:\/\/heo.hu\/?page_id=1780\"><span class=\"ha-btn-text\">Inform\u00e1ci\u00f3<\/span><\/a>\t\t<\/div>\n\t\t\t\t\t\t<\/div>\n\t\t\t\t<\/div>\n\t\t\t\t\t<\/div>\n\t\t<\/div>\n\t\t\t\t<div class=\"elementor-column elementor-col-25 elementor-top-column elementor-element elementor-element-56ceecc\" data-id=\"56ceecc\" data-element_type=\"column\" data-e-type=\"column\">\n\t\t\t<div class=\"elementor-widget-wrap elementor-element-populated\">\n\t\t\t\t\t\t<div class=\"elementor-element elementor-element-d1f981e ha-card--top ha-card--tablet-top ha-card--mobile-top elementor-widget elementor-widget-ha-card happy-addon ha-card\" data-id=\"d1f981e\" data-element_type=\"widget\" data-e-type=\"widget\" id=\"#bemutat\" data-widget_type=\"ha-card.default\">\n\t\t\t\t<div class=\"elementor-widget-container\">\n\t\t\t\t\t\n\t\t\n\t\t<div class=\"ha-card-body\">\n\n\t\t\t<h2 class=\"ha-card-title\">Magunkr\u00f3l<\/h2>\n\t\t\t\t\t\t\t<div class=\"ha-card-text\">\n\t\t\t\t\t<p>A Klauz\u00e1l Utcai \u00d3voda r\u00f6vid t\u00f6rt\u00e9nete<\/p>\n\t\t\t\t<\/div>\n\t\t\t\n\t\t\t<a class=\"ha-btn\" href=\"https:\/\/heo.hu\/?page_id=1839\" target=\"_blank\"><span class=\"ha-btn-text\">Ismerd meg!<\/span><\/a>\t\t<\/div>\n\t\t\t\t\t\t<\/div>\n\t\t\t\t<\/div>\n\t\t\t\t\t<\/div>\n\t\t<\/div>\n\t\t\t\t<div class=\"elementor-column elementor-col-25 elementor-top-column elementor-element elementor-element-7b21b30\" data-id=\"7b21b30\" data-element_type=\"column\" data-e-type=\"column\">\n\t\t\t<div class=\"elementor-widget-wrap elementor-element-populated\">\n\t\t\t\t\t\t<div class=\"elementor-element elementor-element-e276ae9 ha-card--top ha-card--tablet-top ha-card--mobile-top elementor-widget elementor-widget-ha-card happy-addon ha-card\" data-id=\"e276ae9\" data-element_type=\"widget\" data-e-type=\"widget\" data-widget_type=\"ha-card.default\">\n\t\t\t\t<div class=\"elementor-widget-container\">\n\t\t\t\t\t\n\t\t\n\t\t<div class=\"ha-card-body\">\n\n\t\t\t<h2 class=\"ha-card-title\">Munkat\u00e1rsak<\/h2>\n\t\t\t\t\t\t\t<div class=\"ha-card-text\">\n\t\t\t\t\t<p>Az \u00f3voda dolgoz\u00f3i<\/p>\n\t\t\t\t<\/div>\n\t\t\t\n\t\t\t<a class=\"ha-btn\" href=\"#klauzal_work\"><span class=\"ha-btn-text\">Ismerd meg!<\/span><\/a>\t\t<\/div>\n\t\t\t\t\t\t<\/div>\n\t\t\t\t<\/div>\n\t\t\t\t\t<\/div>\n\t\t<\/div>\n\t\t\t\t<div class=\"elementor-column elementor-col-25 elementor-top-column elementor-element elementor-element-06c1845\" data-id=\"06c1845\" data-element_type=\"column\" data-e-type=\"column\">\n\t\t\t<div class=\"elementor-widget-wrap elementor-element-populated\">\n\t\t\t\t\t\t<div class=\"elementor-element elementor-element-1d1f450 ha-card--top ha-card--tablet-top ha-card--mobile-top elementor-widget elementor-widget-ha-card happy-addon ha-card\" data-id=\"1d1f450\" data-element_type=\"widget\" data-e-type=\"widget\" data-widget_type=\"ha-card.default\">\n\t\t\t\t<div class=\"elementor-widget-container\">\n\t\t\t\t\t\n\t\t\n\t\t<div class=\"ha-card-body\">\n\n\t\t\t<h2 class=\"ha-card-title\">K\u00e9pgal\u00e9ria<\/h2>\n\t\t\t\t\t\t\t<div class=\"ha-card-text\">\n\t\t\t\t\t<p>.<\/p>\n\t\t\t\t<\/div>\n\t\t\t\n\t\t\t<a class=\"ha-btn\" href=\"https:\/\/heo.hu\/?page_id=1693\"><span class=\"ha-btn-text\">Megtekint\u00e9s<\/span><\/a>\t\t<\/div>\n\t\t\t\t\t\t<\/div>\n\t\t\t\t<\/div>\n\t\t\t\t\t<\/div>\n\t\t<\/div>\n\t\t\t\t\t<\/div>\n\t\t<\/section>\n\t\t\t\t<section class=\"elementor-section elementor-top-section elementor-element elementor-element-837757f elementor-section-boxed elementor-section-height-default elementor-section-height-default\" data-id=\"837757f\" data-element_type=\"section\" data-e-type=\"section\" data-settings=\"{&quot;_ha_eqh_enable&quot;:false}\">\n\t\t\t\t\t\t<div class=\"elementor-container elementor-column-gap-default\">\n\t\t\t\t\t<div class=\"elementor-column elementor-col-100 elementor-top-column elementor-element elementor-element-2accc9f\" data-id=\"2accc9f\" data-element_type=\"column\" data-e-type=\"column\">\n\t\t\t<div class=\"elementor-widget-wrap elementor-element-populated\">\n\t\t\t\t\t\t<div class=\"elementor-element elementor-element-9b2d4dc elementor-widget elementor-widget-image\" data-id=\"9b2d4dc\" data-element_type=\"widget\" data-e-type=\"widget\" data-widget_type=\"image.default\">\n\t\t\t\t<div class=\"elementor-widget-container\">\n\t\t\t\t\t\t\t\t\t\t\t\t\t\t\t<img fetchpriority=\"high\" decoding=\"async\" width=\"742\" height=\"556\" src=\"https:\/\/heo.hu\/wp-content\/uploads\/2022\/03\/klauzal_logo.jpg\" class=\"attachment-large size-large wp-image-1901\" alt=\"\" srcset=\"https:\/\/heo.hu\/wp-content\/uploads\/2022\/03\/klauzal_logo.jpg 742w, https:\/\/heo.hu\/wp-content\/uploads\/2022\/03\/klauzal_logo-300x225.jpg 300w\" sizes=\"(max-width: 742px) 100vw, 742px\" \/>\t\t\t\t\t\t\t\t\t\t\t\t\t\t\t<\/div>\n\t\t\t\t<\/div>\n\t\t\t\t\t<\/div>\n\t\t<\/div>\n\t\t\t\t\t<\/div>\n\t\t<\/section>\n\t\t\t\t<section class=\"elementor-section elementor-top-section elementor-element elementor-element-0ec3235 elementor-section-boxed elementor-section-height-default elementor-section-height-default\" data-id=\"0ec3235\" data-element_type=\"section\" data-e-type=\"section\" data-settings=\"{&quot;_ha_eqh_enable&quot;:false}\">\n\t\t\t\t\t\t<div class=\"elementor-container elementor-column-gap-default\">\n\t\t\t\t\t<div class=\"elementor-column elementor-col-100 elementor-top-column elementor-element elementor-element-74565cc\" data-id=\"74565cc\" data-element_type=\"column\" data-e-type=\"column\">\n\t\t\t<div class=\"elementor-widget-wrap elementor-element-populated\">\n\t\t\t\t\t\t<div class=\"elementor-element elementor-element-5b8a1db elementor-widget-divider--view-line_icon elementor-view-framed elementor-widget-divider--element-align-center ha-has-bg-overlay elementor-widget elementor-widget-divider\" data-id=\"5b8a1db\" data-element_type=\"widget\" data-e-type=\"widget\" data-widget_type=\"divider.default\">\n\t\t\t\t<div class=\"elementor-widget-container\">\n\t\t\t\t\t\t\t<div class=\"elementor-divider\">\n\t\t\t<span class=\"elementor-divider-separator\">\n\t\t\t\t\t\t\t<div class=\"elementor-icon elementor-divider__element\">\n\t\t\t\t\t<i aria-hidden=\"true\" class=\"fas fa-address-card\"><\/i><\/div>\n\t\t\t\t\t\t<\/span>\n\t\t<\/div>\n\t\t\t\t\t\t<\/div>\n\t\t\t\t<\/div>\n\t\t\t\t\t<\/div>\n\t\t<\/div>\n\t\t\t\t\t<\/div>\n\t\t<\/section>\n\t\t\t\t<section class=\"elementor-section elementor-top-section elementor-element elementor-element-a2e3fc0 elementor-section-boxed elementor-section-height-default elementor-section-height-default\" data-id=\"a2e3fc0\" data-element_type=\"section\" data-e-type=\"section\" data-settings=\"{&quot;_ha_eqh_enable&quot;:false}\">\n\t\t\t\t\t\t<div class=\"elementor-container elementor-column-gap-default\">\n\t\t\t\t\t<div class=\"elementor-column elementor-col-100 elementor-top-column elementor-element elementor-element-7f5f4b4\" data-id=\"7f5f4b4\" data-element_type=\"column\" data-e-type=\"column\">\n\t\t\t<div class=\"elementor-widget-wrap elementor-element-populated\">\n\t\t\t\t\t\t<div class=\"elementor-element elementor-element-bb7bead elementor-widget elementor-widget-text-editor\" data-id=\"bb7bead\" data-element_type=\"widget\" data-e-type=\"widget\" data-widget_type=\"text-editor.default\">\n\t\t\t\t<div class=\"elementor-widget-container\">\n\t\t\t\t\t\t\t\t\t<h3 style=\"text-align: center;\"><span style=\"color: #000000;\"><strong><u>\u00d3vodat\u00f6rt\u00e9net<\/u><\/strong><\/span><\/h3><h3 style=\"text-align: center;\"><span style=\"color: #000000;\"><strong><u>Klauz\u00e1l utcai Telephely r\u00f6vid t\u00f6rt\u00e9nete<\/u><\/strong><\/span><\/h3><p><span style=\"color: #000000;\">Az int\u00e9zm\u00e9ny nagy m\u00faltra tekint vissza, az \u00e9p\u00fclet 1897. augusztus 16 \u00f3ta m\u0171k\u00f6dik \u00f3vodak\u00e9nt.<\/span><\/p><p><span style=\"color: #000000;\">Az\u00f3ta, term\u00e9szetesen t\u00f6bb \u00e1talak\u00edt\u00e1son, korszer\u0171s\u00edt\u00e9sen esett \u00e1t az \u00e9p\u00fclet.<\/span><\/p><ol start=\"2001\"><li><span style=\"color: #000000;\">j\u00falius elsej\u00e9ig, a Bajcsy Zs. utcai \u00d3voda tag\u00f3vod\u00e1jak\u00e9nt m\u0171k\u00f6dt\u00fcnk, majd annak egyh\u00e1zi visszaad\u00e1s\u00e1t k\u00f6vet\u0151en 2007. j\u00fanius 30-ig a Brunszvik Ter\u00e9z \u00d3vod\u00e1hoz ker\u00fclt\u00fcnk tagint\u00e9zm\u00e9nyk\u00e9nt.<\/span><\/li><\/ol><p><span style=\"color: #000000;\">Miut\u00e1n a fenntart\u00f3 \u00fajra alak\u00edtotta az \u00f3vodai h\u00e1l\u00f3zatot v\u00e1rosunkban, a Klauz\u00e1l utcai \u00d3voda az Exner Le\u00f3 \u00d3voda egys\u00e9g\u00e9hez ker\u00fclt.<\/span><\/p><p><span style=\"color: #000000;\">2007-t\u0151l a h\u00f3dmez\u0151v\u00e1s\u00e1rhelyi tag\u00f3vod\u00e1k, \u00edgy a Klauz\u00e1l utcai \u00d3voda is egy k\u00f6zgy\u0171l\u00e9si hat\u00e1rozat \u00e9rtelm\u00e9ben telephelyk\u00e9nt m\u0171k\u00f6dik tov\u00e1bb.<\/span><\/p><p><span style=\"color: #000000;\">2011-2013 k\u00f6z\u00f6tt int\u00e9zm\u00e9ny\u00fcnk a H\u00f3dmez\u0151v\u00e1s\u00e1rhelyi T\u00f6bbc\u00e9l\u00fa Kist\u00e9rs\u00e9gi T\u00e1rsul\u00e1s Klauz\u00e1l G\u00e1bor \u00c1ltal\u00e1nos Iskola \u00f3vodai int\u00e9zm\u00e9nyegys\u00e9ge lett.<\/span><\/p><ol start=\"2013\"><li><span style=\"color: #000000;\">szeptember 01-t\u0151l napjainkig a H\u00f3dmez\u0151v\u00e1s\u00e1rhelyi Egyes\u00edtett \u00d3voda N\u00e1dor utcai Tag\u00f3vod\u00e1j\u00e1nak telephelyek\u00e9nt folytatjuk a sz\u00ednvonalas nevel\u0151- oktat\u00f3 tev\u00e9kenys\u00e9get.<\/span><\/li><\/ol><p><span style=\"color: #000000;\">2012-ben energetikai szempontb\u00f3l teljesen meg\u00fajult az \u00e9p\u00fclet.<\/span><\/p><p><span style=\"color: #000000;\">2017-ben a Telep\u00fcl\u00e9si \u00e9s Ter\u00fcletfejleszt\u00e9si Operat\u00edv Program keret\u00e9ben a v\u00e1ros 11 \u00f3vod\u00e1ja, k\u00f6zt\u00fck a Klauz\u00e1l utcai \u00d3voda is korszer\u0171s\u00edt\u00e9sre, fel\u00faj\u00edt\u00e1sra ker\u00fclt. Ez a folyamat az \u00e1tad\u00e1st k\u00f6vet\u0151en sem \u00e1llt meg, t\u00f6reksz\u00fcnk a lehet\u0151s\u00e9geink szerinti, folyamatos moderniz\u00e1l\u00e1sra annak \u00e9rdek\u00e9ben, hogy a r\u00e1nk b\u00edzott gyermekeknek min\u00e9l k\u00e9nyelmesebb k\u00f6r\u00fclm\u00e9nyeket biztos\u00edtsunk.<\/span><\/p>\t\t\t\t\t\t\t\t<\/div>\n\t\t\t\t<\/div>\n\t\t\t\t\t<\/div>\n\t\t<\/div>\n\t\t\t\t\t<\/div>\n\t\t<\/section>\n\t\t\t\t<section class=\"elementor-section elementor-top-section elementor-element elementor-element-f0866a6 elementor-section-boxed elementor-section-height-default elementor-section-height-default\" data-id=\"f0866a6\" data-element_type=\"section\" data-e-type=\"section\" data-settings=\"{&quot;_ha_eqh_enable&quot;:false}\">\n\t\t\t\t\t\t<div class=\"elementor-container elementor-column-gap-default\">\n\t\t\t\t\t<div class=\"elementor-column elementor-col-100 elementor-top-column elementor-element elementor-element-dccfa91\" data-id=\"dccfa91\" data-element_type=\"column\" data-e-type=\"column\">\n\t\t\t<div class=\"elementor-widget-wrap elementor-element-populated\">\n\t\t\t\t\t\t<div class=\"elementor-element elementor-element-cb9b1c5 elementor-widget-divider--view-line_icon elementor-view-framed elementor-widget-divider--element-align-center ha-has-bg-overlay elementor-widget elementor-widget-divider\" data-id=\"cb9b1c5\" data-element_type=\"widget\" data-e-type=\"widget\" data-widget_type=\"divider.default\">\n\t\t\t\t<div class=\"elementor-widget-container\">\n\t\t\t\t\t\t\t<div class=\"elementor-divider\">\n\t\t\t<span class=\"elementor-divider-separator\">\n\t\t\t\t\t\t\t<div class=\"elementor-icon elementor-divider__element\">\n\t\t\t\t\t<i aria-hidden=\"true\" class=\"fas fa-address-card\"><\/i><\/div>\n\t\t\t\t\t\t<\/span>\n\t\t<\/div>\n\t\t\t\t\t\t<\/div>\n\t\t\t\t<\/div>\n\t\t\t\t\t<\/div>\n\t\t<\/div>\n\t\t\t\t\t<\/div>\n\t\t<\/section>\n\t\t\t\t<section class=\"elementor-section elementor-top-section elementor-element elementor-element-d02ecc5 elementor-section-boxed elementor-section-height-default elementor-section-height-default\" data-id=\"d02ecc5\" data-element_type=\"section\" data-e-type=\"section\" data-settings=\"{&quot;_ha_eqh_enable&quot;:false}\">\n\t\t\t\t\t\t<div class=\"elementor-container elementor-column-gap-default\">\n\t\t\t\t\t<div class=\"elementor-column elementor-col-50 elementor-top-column elementor-element elementor-element-7371e7c\" data-id=\"7371e7c\" data-element_type=\"column\" data-e-type=\"column\">\n\t\t\t<div class=\"elementor-widget-wrap elementor-element-populated\">\n\t\t\t\t\t\t<div class=\"elementor-element elementor-element-2f8908f elementor-widget elementor-widget-text-editor\" data-id=\"2f8908f\" data-element_type=\"widget\" data-e-type=\"widget\" data-widget_type=\"text-editor.default\">\n\t\t\t\t<div class=\"elementor-widget-container\">\n\t\t\t\t\t\t\t\t\t<h5 style=\"text-align: left;\"><span style=\"color: #000000;\">H\u00f3dmez\u0151v\u00e1s\u00e1rhely Megyei Jog\u00fa V\u00e1ros \u00d6nkorm\u00e1nyzat Klauz\u00e1l Utcai \u00d3voda<\/span><\/h5><h5 style=\"text-align: left;\"><span style=\"color: #000000;\">6800 H\u00f3dmez\u0151v\u00e1s\u00e1rhely<\/span><br \/><span style=\"color: #000000;\">Klauz\u00e1l u. 33.<\/span><\/h5><h5 style=\"text-align: left;\"><span style=\"color: #000000;\">Tel\/fax:62\/222-271<\/span><br \/><span style=\"color: #000000;\">Email-c\u00edm: klauzalovi@heo.hu<\/span><\/h5>\t\t\t\t\t\t\t\t<\/div>\n\t\t\t\t<\/div>\n\t\t\t\t\t<\/div>\n\t\t<\/div>\n\t\t\t\t<div class=\"elementor-column elementor-col-50 elementor-top-column elementor-element elementor-element-5310c68\" data-id=\"5310c68\" data-element_type=\"column\" data-e-type=\"column\">\n\t\t\t<div class=\"elementor-widget-wrap elementor-element-populated\">\n\t\t\t\t\t\t<div class=\"elementor-element elementor-element-4342830 elementor-widget elementor-widget-google_maps\" data-id=\"4342830\" data-element_type=\"widget\" data-e-type=\"widget\" data-widget_type=\"google_maps.default\">\n\t\t\t\t<div class=\"elementor-widget-container\">\n\t\t\t\t\t\t\t<div class=\"elementor-custom-embed\">\n\t\t\t<iframe loading=\"lazy\"\n\t\t\t\t\tsrc=\"https:\/\/maps.google.com\/maps?q=H%C3%B3dmez%C5%91v%C3%A1s%C3%A1rhely%20Klauzal%20u.%2033.&#038;t=m&#038;z=10&#038;output=embed&#038;iwloc=near\"\n\t\t\t\t\ttitle=\"H\u00f3dmez\u0151v\u00e1s\u00e1rhely Klauzal u. 33.\"\n\t\t\t\t\taria-label=\"H\u00f3dmez\u0151v\u00e1s\u00e1rhely Klauzal u. 33.\"\n\t\t\t><\/iframe>\n\t\t<\/div>\n\t\t\t\t\t\t<\/div>\n\t\t\t\t<\/div>\n\t\t\t\t\t<\/div>\n\t\t<\/div>\n\t\t\t\t\t<\/div>\n\t\t<\/section>\n\t\t\t\t<section class=\"elementor-section elementor-top-section elementor-element elementor-element-cfe715e elementor-section-boxed elementor-section-height-default elementor-section-height-default\" data-id=\"cfe715e\" data-element_type=\"section\" data-e-type=\"section\" data-settings=\"{&quot;_ha_eqh_enable&quot;:false}\">\n\t\t\t\t\t\t<div class=\"elementor-container elementor-column-gap-default\">\n\t\t\t\t\t<div class=\"elementor-column elementor-col-100 elementor-top-column elementor-element elementor-element-f05f1ad\" data-id=\"f05f1ad\" data-element_type=\"column\" data-e-type=\"column\">\n\t\t\t<div class=\"elementor-widget-wrap elementor-element-populated\">\n\t\t\t\t\t\t<div class=\"elementor-element elementor-element-d004cd8 elementor-widget elementor-widget-text-editor\" data-id=\"d004cd8\" data-element_type=\"widget\" data-e-type=\"widget\" id=\"klauzal_work\" data-widget_type=\"text-editor.default\">\n\t\t\t\t<div class=\"elementor-widget-container\">\n\t\t\t\t\t\t\t\t\t<p><span style=\"color: #000000;\"><u>H\u00f3dmez\u0151v\u00e1s\u00e1rhelyi Egyes\u00edtett \u00d3voda N\u00e1dor utcai Tagint\u00e9zm\u00e9ny Klauz\u00e1l utcai Telephely<\/u><\/span><\/p>\n<p><span style=\"color: #000000;\"><u>6800 H\u00f3dmez\u0151v\u00e1s\u00e1rhely, Klauz\u00e1l u. 33.<\/u><\/span><\/p>\n<p><span style=\"color: #000000;\">Klauz\u00e1l utcai Telephely szakmai vezet\u0151je: L\u00e9gr\u00e1din\u00e9 Uzonyi Szilvia Katalin \u00f3vodapedag\u00f3gus<\/span><\/p>\n<table class=\" aligncenter\">\n<tbody style=\"text-align: center;\">\n<tr>\n<th><span style=\"color: #000000;\">\u00d3vodai csoport<\/span><\/th>\n<th><span style=\"color: #000000;\">csoport<\/span><\/th>\n<th><span style=\"color: #000000;\">\u00f3vodapedag\u00f3gus<\/span><\/th>\n<th><span style=\"color: #000000;\">pedag\u00f3giai asszisztens<\/span><\/th>\n<th><span style=\"color: #000000;\">\u00f3vodai dajka<\/span><\/th>\n<\/tr>\n<tr>\n<td>\n<p><span style=\"color: #000000;\">S\u00fcni csoport<\/span><\/p>\n<\/td>\n<td><span style=\"color: #000000;\">k\u00f6z\u00e9ps\u0151<br>csoport<\/span><\/td>\n<td>\n<p><span style=\"color: #000000;\">L\u00e9gr\u00e1din\u00e9 Uzonyi Szilvia Katalin<\/span><\/p>\n<p><span style=\"color: #000000;\">Kis Erika M\u00e1ria<\/span><\/p>\n<\/td>\n<td>\n<p><font color=\"#000000\">&#8211;<\/font><\/p>\n<\/td>\n<td><span style=\"color: #000000;\">K\u00e1d\u00e1r \u00c9va No\u00e9mi<\/span><\/td>\n<\/tr>\n<tr>\n<td><span style=\"color: #000000;\">Katica csoport<\/span><\/td>\n<td><span style=\"color: #000000;\">nagycsoport<\/span><\/td>\n<td>\n<p><span style=\"color: #000000;\">Varg\u00e1n\u00e9 Lugosi Mariann<\/span><\/p><p><span style=\"color: #000000;\">Kov\u00e1cs Bettina<\/span><\/p>\n<\/td>\n<td><font color=\"#000000\">&#8211;<\/font><\/td>\n<td><span style=\"color: #000000;\">D\u00e1ni Edina<\/span><\/td>\n<\/tr>\n<tr>\n<td><span style=\"color: #000000;\">Csiga csoport<\/span><\/td>\n<td><span style=\"color: #000000;\">kiscsoport<\/span><\/td>\n<td>\n<p><span style=\"color: #000000;\">V\u00e1ri Katalin<\/span><\/p>\n<p><span style=\"color: #000000;\">B\u00e1nyai Val\u00e9ria Katalin<\/span><\/p>\n<\/td>\n<td><font color=\"#000000\">Szil\u00e1gyi Katalin<br>helyettes\u00edti: <br>Berta-D\u00f6ms\u00f6di Adrienn<\/font><\/td>\n<td><span style=\"color: #000000;\">Szab\u00f3 Anita Gabriella<\/span><\/td>\n<\/tr>\n<\/tbody>\n<\/table>\t\t\t\t\t\t\t\t<\/div>\n\t\t\t\t<\/div>\n\t\t\t\t\t<\/div>\n\t\t<\/div>\n\t\t\t\t\t<\/div>\n\t\t<\/section>\n\t\t\t\t<\/div>\n\t\t","protected":false},"excerpt":{"rendered":"<p>H\u00edrek Int\u00e9zm\u00e9nyegys\u00e9gek bemutat\u00e1sa Inform\u00e1ci\u00f3 Magunkr\u00f3l A Klauz\u00e1l Utcai \u00d3voda r\u00f6vid t\u00f6rt\u00e9nete Ismerd meg! Munkat\u00e1rsak Az \u00f3voda dolgoz\u00f3i Ismerd meg! K\u00e9pgal\u00e9ria . Megtekint\u00e9s \u00d3vodat\u00f6rt\u00e9net Klauz\u00e1l utcai Telephely r\u00f6vid t\u00f6rt\u00e9nete Az int\u00e9zm\u00e9ny nagy m\u00faltra tekint vissza, az \u00e9p\u00fclet 1897. augusztus 16 \u00f3ta m\u0171k\u00f6dik \u00f3vodak\u00e9nt. Az\u00f3ta, term\u00e9szetesen t\u00f6bb \u00e1talak\u00edt\u00e1son, korszer\u0171s\u00edt\u00e9sen esett \u00e1t az [&hellip;]<\/p>\n","protected":false},"author":2,"featured_media":0,"parent":314,"menu_order":0,"comment_status":"closed","ping_status":"closed","template":"","meta":{"footnotes":""},"class_list":["post-521","page","type-page","status-publish","hentry"],"_links":{"self":[{"href":"https:\/\/heo.hu\/index.php?rest_route=\/wp\/v2\/pages\/521","targetHints":{"allow":["GET"]}}],"collection":[{"href":"https:\/\/heo.hu\/index.php?rest_route=\/wp\/v2\/pages"}],"about":[{"href":"https:\/\/heo.hu\/index.php?rest_route=\/wp\/v2\/types\/page"}],"author":[{"embeddable":true,"href":"https:\/\/heo.hu\/index.php?rest_route=\/wp\/v2\/users\/2"}],"replies":[{"embeddable":true,"href":"https:\/\/heo.hu\/index.php?rest_route=%2Fwp%2Fv2%2Fcomments&post=521"}],"version-history":[{"count":55,"href":"https:\/\/heo.hu\/index.php?rest_route=\/wp\/v2\/pages\/521\/revisions"}],"predecessor-version":[{"id":2095,"href":"https:\/\/heo.hu\/index.php?rest_route=\/wp\/v2\/pages\/521\/revisions\/2095"}],"up":[{"embeddable":true,"href":"https:\/\/heo.hu\/index.php?rest_route=\/wp\/v2\/pages\/314"}],"wp:attachment":[{"href":"https:\/\/heo.hu\/index.php?rest_route=%2Fwp%2Fv2%2Fmedia&parent=521"}],"curies":[{"name":"wp","href":"https:\/\/api.w.org\/{rel}","templated":true}]}}