{"id":519,"date":"2021-07-19T12:27:33","date_gmt":"2021-07-19T12:27:33","guid":{"rendered":"https:\/\/heo.hu\/?page_id=519"},"modified":"2022-09-21T13:12:02","modified_gmt":"2022-09-21T13:12:02","slug":"tornyai-utcai-ovoda","status":"publish","type":"page","link":"https:\/\/heo.hu\/?page_id=519","title":{"rendered":"Tornyai Utcai \u00d3voda"},"content":{"rendered":"\t\t<div data-elementor-type=\"wp-page\" data-elementor-id=\"519\" class=\"elementor elementor-519\" data-elementor-settings=\"{&quot;ha_cmc_init_switcher&quot;:&quot;no&quot;}\">\n\t\t\t\t\t\t<section class=\"elementor-section elementor-top-section elementor-element elementor-element-908dea8 elementor-section-full_width elementor-section-height-default elementor-section-height-default\" data-id=\"908dea8\" data-element_type=\"section\" data-e-type=\"section\" data-settings=\"{&quot;_ha_eqh_enable&quot;:false}\">\n\t\t\t\t\t\t<div class=\"elementor-container elementor-column-gap-default\">\n\t\t\t\t\t<div class=\"elementor-column elementor-col-100 elementor-top-column elementor-element elementor-element-9fa8882\" data-id=\"9fa8882\" data-element_type=\"column\" data-e-type=\"column\">\n\t\t\t<div class=\"elementor-widget-wrap elementor-element-populated\">\n\t\t\t\t\t\t<div class=\"elementor-element elementor-element-9c587f1 elementor-widget elementor-widget-heading\" data-id=\"9c587f1\" data-element_type=\"widget\" data-e-type=\"widget\" data-widget_type=\"heading.default\">\n\t\t\t\t<div class=\"elementor-widget-container\">\n\t\t\t\t\t<h2 class=\"elementor-heading-title elementor-size-default\">  <\/h2>\t\t\t\t<\/div>\n\t\t\t\t<\/div>\n\t\t\t\t\t<\/div>\n\t\t<\/div>\n\t\t\t\t\t<\/div>\n\t\t<\/section>\n\t\t\t\t<section class=\"elementor-section elementor-top-section elementor-element elementor-element-9e2da48 elementor-section-stretched elementor-section-full_width elementor-section-height-default elementor-section-height-default\" data-id=\"9e2da48\" data-element_type=\"section\" data-e-type=\"section\" data-settings=\"{&quot;stretch_section&quot;:&quot;section-stretched&quot;,&quot;_ha_eqh_enable&quot;:false}\">\n\t\t\t\t\t\t<div class=\"elementor-container elementor-column-gap-default\">\n\t\t\t\t\t<div class=\"elementor-column elementor-col-25 elementor-top-column elementor-element elementor-element-a8b209e\" data-id=\"a8b209e\" data-element_type=\"column\" data-e-type=\"column\">\n\t\t\t<div class=\"elementor-widget-wrap elementor-element-populated\">\n\t\t\t\t\t\t<div class=\"elementor-element elementor-element-7a51e4b ha-card--top ha-card--tablet-top ha-card--mobile-top elementor-widget elementor-widget-ha-card happy-addon ha-card\" data-id=\"7a51e4b\" data-element_type=\"widget\" data-e-type=\"widget\" id=\"#magunkrol\" data-widget_type=\"ha-card.default\">\n\t\t\t\t<div class=\"elementor-widget-container\">\n\t\t\t\t\t\n\t\t\n\t\t<div class=\"ha-card-body\">\n\n\t\t\t<h2 class=\"ha-card-title\">H\u00edrek<\/h2>\n\t\t\t\t\t\t\t<div class=\"ha-card-text\">\n\t\t\t\t\t<p>A Tornyai utcai \u00d3voda h\u00edrei<\/p>\n\t\t\t\t<\/div>\n\t\t\t\n\t\t\t<a class=\"ha-btn\" href=\"https:\/\/heo.hu\/?page_id=1784\"><span class=\"ha-btn-text\">Inform\u00e1ci\u00f3<\/span><\/a>\t\t<\/div>\n\t\t\t\t\t\t<\/div>\n\t\t\t\t<\/div>\n\t\t\t\t\t<\/div>\n\t\t<\/div>\n\t\t\t\t<div class=\"elementor-column elementor-col-25 elementor-top-column elementor-element elementor-element-56ceecc\" data-id=\"56ceecc\" data-element_type=\"column\" data-e-type=\"column\">\n\t\t\t<div class=\"elementor-widget-wrap elementor-element-populated\">\n\t\t\t\t\t\t<div class=\"elementor-element elementor-element-d1f981e ha-card--top ha-card--tablet-top ha-card--mobile-top elementor-widget elementor-widget-ha-card happy-addon ha-card\" data-id=\"d1f981e\" data-element_type=\"widget\" data-e-type=\"widget\" id=\"#bemutat\" data-widget_type=\"ha-card.default\">\n\t\t\t\t<div class=\"elementor-widget-container\">\n\t\t\t\t\t\n\t\t\n\t\t<div class=\"ha-card-body\">\n\n\t\t\t<h2 class=\"ha-card-title\">Magunkr\u00f3l<\/h2>\n\t\t\t\t\t\t\t<div class=\"ha-card-text\">\n\t\t\t\t\t<p>A Tornyai Utcai \u00d3voda r\u00f6vid t\u00f6rt\u00e9nete<\/p>\n\t\t\t\t<\/div>\n\t\t\t\n\t\t\t<a class=\"ha-btn\" href=\"https:\/\/heo.hu\/?page_id=1845\" target=\"_blank\"><span class=\"ha-btn-text\">Ismerd meg!<\/span><\/a>\t\t<\/div>\n\t\t\t\t\t\t<\/div>\n\t\t\t\t<\/div>\n\t\t\t\t\t<\/div>\n\t\t<\/div>\n\t\t\t\t<div class=\"elementor-column elementor-col-25 elementor-top-column elementor-element elementor-element-7b21b30\" data-id=\"7b21b30\" data-element_type=\"column\" data-e-type=\"column\">\n\t\t\t<div class=\"elementor-widget-wrap elementor-element-populated\">\n\t\t\t\t\t\t<div class=\"elementor-element elementor-element-e276ae9 ha-card--top ha-card--tablet-top ha-card--mobile-top elementor-widget elementor-widget-ha-card happy-addon ha-card\" data-id=\"e276ae9\" data-element_type=\"widget\" data-e-type=\"widget\" data-widget_type=\"ha-card.default\">\n\t\t\t\t<div class=\"elementor-widget-container\">\n\t\t\t\t\t\n\t\t\n\t\t<div class=\"ha-card-body\">\n\n\t\t\t<h2 class=\"ha-card-title\">Munkat\u00e1rsak<\/h2>\n\t\t\t\t\t\t\t<div class=\"ha-card-text\">\n\t\t\t\t\t<p>Az \u00f3voda dolgoz\u00f3i<\/p>\n\t\t\t\t<\/div>\n\t\t\t\n\t\t\t<a class=\"ha-btn\" href=\"#tornyai_work\"><span class=\"ha-btn-text\">Ismerd meg!<\/span><\/a>\t\t<\/div>\n\t\t\t\t\t\t<\/div>\n\t\t\t\t<\/div>\n\t\t\t\t\t<\/div>\n\t\t<\/div>\n\t\t\t\t<div class=\"elementor-column elementor-col-25 elementor-top-column elementor-element elementor-element-06c1845\" data-id=\"06c1845\" data-element_type=\"column\" data-e-type=\"column\">\n\t\t\t<div class=\"elementor-widget-wrap elementor-element-populated\">\n\t\t\t\t\t\t<div class=\"elementor-element elementor-element-1d1f450 ha-card--top ha-card--tablet-top ha-card--mobile-top elementor-widget elementor-widget-ha-card happy-addon ha-card\" data-id=\"1d1f450\" data-element_type=\"widget\" data-e-type=\"widget\" data-widget_type=\"ha-card.default\">\n\t\t\t\t<div class=\"elementor-widget-container\">\n\t\t\t\t\t\n\t\t\n\t\t<div class=\"ha-card-body\">\n\n\t\t\t<h2 class=\"ha-card-title\">K\u00e9pgal\u00e9ria<\/h2>\n\t\t\t\t\t\t\t<div class=\"ha-card-text\">\n\t\t\t\t\t<p>.<\/p>\n\t\t\t\t<\/div>\n\t\t\t\n\t\t\t<a class=\"ha-btn\" href=\"https:\/\/heo.hu\/?page_id=1698\"><span class=\"ha-btn-text\">Megtekint\u00e9s<\/span><\/a>\t\t<\/div>\n\t\t\t\t\t\t<\/div>\n\t\t\t\t<\/div>\n\t\t\t\t\t<\/div>\n\t\t<\/div>\n\t\t\t\t\t<\/div>\n\t\t<\/section>\n\t\t\t\t<section class=\"elementor-section elementor-top-section elementor-element elementor-element-a37e24c elementor-section-boxed elementor-section-height-default elementor-section-height-default\" data-id=\"a37e24c\" data-element_type=\"section\" data-e-type=\"section\" data-settings=\"{&quot;_ha_eqh_enable&quot;:false}\">\n\t\t\t\t\t\t<div class=\"elementor-container elementor-column-gap-default\">\n\t\t\t\t\t<div class=\"elementor-column elementor-col-100 elementor-top-column elementor-element elementor-element-063784b\" data-id=\"063784b\" data-element_type=\"column\" data-e-type=\"column\">\n\t\t\t<div class=\"elementor-widget-wrap elementor-element-populated\">\n\t\t\t\t\t\t<div class=\"elementor-element elementor-element-a65cd3f elementor-widget-divider--view-line_icon elementor-view-framed elementor-widget-divider--element-align-center ha-has-bg-overlay elementor-widget elementor-widget-divider\" data-id=\"a65cd3f\" data-element_type=\"widget\" data-e-type=\"widget\" data-widget_type=\"divider.default\">\n\t\t\t\t<div class=\"elementor-widget-container\">\n\t\t\t\t\t\t\t<div class=\"elementor-divider\">\n\t\t\t<span class=\"elementor-divider-separator\">\n\t\t\t\t\t\t\t<div class=\"elementor-icon elementor-divider__element\">\n\t\t\t\t\t<i aria-hidden=\"true\" class=\"fas fa-address-card\"><\/i><\/div>\n\t\t\t\t\t\t<\/span>\n\t\t<\/div>\n\t\t\t\t\t\t<\/div>\n\t\t\t\t<\/div>\n\t\t\t\t\t<\/div>\n\t\t<\/div>\n\t\t\t\t\t<\/div>\n\t\t<\/section>\n\t\t\t\t<section class=\"elementor-section elementor-top-section elementor-element elementor-element-053903f elementor-section-boxed elementor-section-height-default elementor-section-height-default\" data-id=\"053903f\" data-element_type=\"section\" data-e-type=\"section\" data-settings=\"{&quot;_ha_eqh_enable&quot;:false}\">\n\t\t\t\t\t\t<div class=\"elementor-container elementor-column-gap-default\">\n\t\t\t\t\t<div class=\"elementor-column elementor-col-100 elementor-top-column elementor-element elementor-element-c9911f8\" data-id=\"c9911f8\" data-element_type=\"column\" data-e-type=\"column\">\n\t\t\t<div class=\"elementor-widget-wrap elementor-element-populated\">\n\t\t\t\t\t\t<div class=\"elementor-element elementor-element-23a936e elementor-widget elementor-widget-text-editor\" data-id=\"23a936e\" data-element_type=\"widget\" data-e-type=\"widget\" data-widget_type=\"text-editor.default\">\n\t\t\t\t<div class=\"elementor-widget-container\">\n\t\t\t\t\t\t\t\t\t<p style=\"text-align: center;\"><span style=\"color: #000000;\">Tornyai J\u00e1nos utcai \u00f3voda r\u00f6vid t\u00f6rt\u00e9nete<\/span><\/p><p><span style=\"color: #000000;\">1897-ben \u00e9p\u00edtett\u00e9k fel a sus\u00e1ni \u00f3vod\u00e1t a Koplal\u00f3 kocsma hely\u00e9n a Sug\u00e1r utc\u00e1ban. Az \u00f3vod\u00e1ba t\u00f6bb mint 100 gyermek j\u00e1rt.<\/span><\/p><p><span style=\"color: #000000;\">1949-ben az utc\u00e1t \u00e1tkeresztelt\u00e9k, \u00edgy lett Tornyai J\u00e1nos utcai \u00f3voda.<\/span><\/p><p><span style=\"color: #000000;\">1980-ban a Bajcsy-Zsilinszky \u00f3voda tagint\u00e9zm\u00e9nye lett.<\/span><\/p><ol start=\"1997\"><li><span style=\"color: #000000;\">okt\u00f3ber 31-\u00e9n megrendez\u00e9sre ker\u00fclt az \u00f3voda 100 \u00e9ves centen\u00e1riumi \u00fcnneps\u00e9ge.<\/span><\/li><li><span style=\"color: #000000;\">A Tornyai J\u00e1nos utcai \u00f3voda az Exner Le\u00f3 \u00f3voda telephelye lett.<\/span><\/li><li><span style=\"color: #000000;\">szeptember\u00e9t\u0151l az \u00f3voda a H\u00f3dmez\u0151v\u00e1s\u00e1rhelyi T\u00f6bbc\u00e9l\u00fa Kist\u00e9rs\u00e9gi T\u00e1rsul\u00e1s Klauz\u00e1l G\u00e1bor \u00c1ltal\u00e1nos Iskola \u00f3vodai int\u00e9zm\u00e9nyegys\u00e9ge lett.<\/span><\/li><li><span style=\"color: #000000;\">szeptember 01 \u00f3ta \u00f3vod\u00e1nk a H\u00f3dmez\u0151v\u00e1s\u00e1rhelyi Egyes\u00edtett \u00d3voda N\u00e1dor Utcai Tagint\u00e9zm\u00e9ny\u00e9nek Tornyai J\u00e1nos Utcai Telephelye lett.<\/span><\/li><\/ol><p><span style=\"color: #000000;\">2017- 2018-ban az \u00f3voda energetikai fel\u00faj\u00edt\u00e1st kapott.<\/span><\/p><ul><li><span style=\"color: #000000;\">\u00e9p\u00fclet k\u00fcls\u0151 szigetel\u00e9st kapott<\/span><\/li><li><span style=\"color: #000000;\">tet\u0151t \u00e1thajtott\u00e1k<\/span><\/li><li><span style=\"color: #000000;\">f\u0171t\u00e9srendszert meg\u00faj\u00edtott\u00e1k<\/span><\/li><li><span style=\"color: #000000;\">mosd\u00f3kat teljesk\u00f6r\u0171en fel\u00faj\u00edtott\u00e1k<\/span><\/li><li><span style=\"color: #000000;\">\u00faj ny\u00edl\u00e1sz\u00e1r\u00f3k ker\u00fcltek be<\/span><\/li><li><span style=\"color: #000000;\">els\u0151 terasz, j\u00e1rda ker\u00fclt ki\u00e9p\u00edt\u00e9sre<\/span><\/li><li><span style=\"color: #000000;\">csoportszob\u00e1k, mell\u00e9khelyis\u00e9gek, \u00f6lt\u00f6z\u0151k, folyos\u00f3k is meg\u00fajultak<\/span><\/li><\/ul><p><span style=\"color: #000000;\">\u00d3vod\u00e1nk dolgoz\u00f3i folyamatosan \u00e9s egy\u00fcttm\u0171k\u00f6dve keress\u00fck a lehet\u0151s\u00e9geket, hogy tov\u00e1bb fejleszthetj\u00fck \u00f3vod\u00e1nk t\u00e1rgyi felt\u00e9teleit. K\u00f6z\u00f6sen alak\u00edtjuk az \u00f3voda eszt\u00e9tikus k\u00fcls\u0151 k\u00f6rnyezet\u00e9t, melyekkel az ide j\u00e1r\u00f3 gyermekeknek nemcsak eszt\u00e9tikai \u00e9lm\u00e9nyt ny\u00fajtunk, hanem min\u00e9l t\u00f6bb tapasztalatszerz\u00e9sekre is biztos\u00edthatunk lehet\u0151s\u00e9geket.<\/span><\/p>\t\t\t\t\t\t\t\t<\/div>\n\t\t\t\t<\/div>\n\t\t\t\t\t<\/div>\n\t\t<\/div>\n\t\t\t\t\t<\/div>\n\t\t<\/section>\n\t\t\t\t<section class=\"elementor-section elementor-top-section elementor-element elementor-element-0ec3235 elementor-section-boxed elementor-section-height-default elementor-section-height-default\" data-id=\"0ec3235\" data-element_type=\"section\" data-e-type=\"section\" data-settings=\"{&quot;_ha_eqh_enable&quot;:false}\">\n\t\t\t\t\t\t<div class=\"elementor-container elementor-column-gap-default\">\n\t\t\t\t\t<div class=\"elementor-column elementor-col-100 elementor-top-column elementor-element elementor-element-74565cc\" data-id=\"74565cc\" data-element_type=\"column\" data-e-type=\"column\">\n\t\t\t<div class=\"elementor-widget-wrap elementor-element-populated\">\n\t\t\t\t\t\t<div class=\"elementor-element elementor-element-5b8a1db elementor-widget-divider--view-line_icon elementor-view-framed elementor-widget-divider--element-align-center ha-has-bg-overlay elementor-widget elementor-widget-divider\" data-id=\"5b8a1db\" data-element_type=\"widget\" data-e-type=\"widget\" data-widget_type=\"divider.default\">\n\t\t\t\t<div class=\"elementor-widget-container\">\n\t\t\t\t\t\t\t<div class=\"elementor-divider\">\n\t\t\t<span class=\"elementor-divider-separator\">\n\t\t\t\t\t\t\t<div class=\"elementor-icon elementor-divider__element\">\n\t\t\t\t\t<i aria-hidden=\"true\" class=\"fas fa-address-card\"><\/i><\/div>\n\t\t\t\t\t\t<\/span>\n\t\t<\/div>\n\t\t\t\t\t\t<\/div>\n\t\t\t\t<\/div>\n\t\t\t\t\t<\/div>\n\t\t<\/div>\n\t\t\t\t\t<\/div>\n\t\t<\/section>\n\t\t\t\t<section class=\"elementor-section elementor-top-section elementor-element elementor-element-d02ecc5 elementor-section-boxed elementor-section-height-default elementor-section-height-default\" data-id=\"d02ecc5\" data-element_type=\"section\" data-e-type=\"section\" data-settings=\"{&quot;_ha_eqh_enable&quot;:false}\">\n\t\t\t\t\t\t<div class=\"elementor-container elementor-column-gap-default\">\n\t\t\t\t\t<div class=\"elementor-column elementor-col-50 elementor-top-column elementor-element elementor-element-7371e7c\" data-id=\"7371e7c\" data-element_type=\"column\" data-e-type=\"column\">\n\t\t\t<div class=\"elementor-widget-wrap elementor-element-populated\">\n\t\t\t\t\t\t<div class=\"elementor-element elementor-element-2f8908f elementor-widget elementor-widget-text-editor\" data-id=\"2f8908f\" data-element_type=\"widget\" data-e-type=\"widget\" data-widget_type=\"text-editor.default\">\n\t\t\t\t<div class=\"elementor-widget-container\">\n\t\t\t\t\t\t\t\t\t<h5 style=\"text-align: left;\"><span style=\"color: #000000;\">H\u00f3dmez\u0151v\u00e1s\u00e1rhely Megyei Jog\u00fa V\u00e1ros \u00d6nkorm\u00e1nyzat Tornyai Utcai \u00d3voda<\/span><\/h5><h5 style=\"text-align: left;\"><span style=\"color: #000000;\">6800 H\u00f3dmez\u0151v\u00e1s\u00e1rhely<\/span><br \/><span style=\"color: #000000;\">Tornyai J. u. 15.<\/span><\/h5><h5 style=\"text-align: left;\"><span style=\"color: #000000;\">Tel\/fax: 62\/246-859<\/span><br \/><span style=\"color: #000000;\">Email-c\u00edm: tornyaiovi@heo.hu<\/span><\/h5>\t\t\t\t\t\t\t\t<\/div>\n\t\t\t\t<\/div>\n\t\t\t\t\t<\/div>\n\t\t<\/div>\n\t\t\t\t<div class=\"elementor-column elementor-col-50 elementor-top-column elementor-element elementor-element-5310c68\" data-id=\"5310c68\" data-element_type=\"column\" data-e-type=\"column\">\n\t\t\t<div class=\"elementor-widget-wrap elementor-element-populated\">\n\t\t\t\t\t\t<div class=\"elementor-element elementor-element-4342830 elementor-widget elementor-widget-google_maps\" data-id=\"4342830\" data-element_type=\"widget\" data-e-type=\"widget\" data-widget_type=\"google_maps.default\">\n\t\t\t\t<div class=\"elementor-widget-container\">\n\t\t\t\t\t\t\t<div class=\"elementor-custom-embed\">\n\t\t\t<iframe loading=\"lazy\"\n\t\t\t\t\tsrc=\"https:\/\/maps.google.com\/maps?q=H%C3%B3dmez%C5%91v%C3%A1s%C3%A1rhely%20Tornyai%20J.%20u%2015.&#038;t=m&#038;z=10&#038;output=embed&#038;iwloc=near\"\n\t\t\t\t\ttitle=\"H\u00f3dmez\u0151v\u00e1s\u00e1rhely Tornyai J. u 15.\"\n\t\t\t\t\taria-label=\"H\u00f3dmez\u0151v\u00e1s\u00e1rhely Tornyai J. u 15.\"\n\t\t\t><\/iframe>\n\t\t<\/div>\n\t\t\t\t\t\t<\/div>\n\t\t\t\t<\/div>\n\t\t\t\t\t<\/div>\n\t\t<\/div>\n\t\t\t\t\t<\/div>\n\t\t<\/section>\n\t\t\t\t<section class=\"elementor-section elementor-top-section elementor-element elementor-element-c530fea elementor-section-boxed elementor-section-height-default elementor-section-height-default\" data-id=\"c530fea\" data-element_type=\"section\" data-e-type=\"section\" data-settings=\"{&quot;_ha_eqh_enable&quot;:false}\">\n\t\t\t\t\t\t<div class=\"elementor-container elementor-column-gap-default\">\n\t\t\t\t\t<div class=\"elementor-column elementor-col-100 elementor-top-column elementor-element elementor-element-f1a2d80\" data-id=\"f1a2d80\" data-element_type=\"column\" data-e-type=\"column\">\n\t\t\t<div class=\"elementor-widget-wrap elementor-element-populated\">\n\t\t\t\t\t\t<div class=\"elementor-element elementor-element-b4c58bf elementor-widget elementor-widget-text-editor\" data-id=\"b4c58bf\" data-element_type=\"widget\" data-e-type=\"widget\" id=\"tornyai_work\" data-widget_type=\"text-editor.default\">\n\t\t\t\t<div class=\"elementor-widget-container\">\n\t\t\t\t\t\t\t\t\t<p style=\"text-align: center;\"><span style=\"color: #000000;\"><u>H\u00f3dmez\u0151v\u00e1s\u00e1rhelyi Egyes\u00edtett \u00d3voda N\u00e1dor utcai tagint\u00e9zm\u00e9ny Tornyai J\u00e1nos utcai Telephely<\/u><\/span><\/p>\n<p style=\"text-align: center;\"><span style=\"color: #000000;\"><u>6800 H\u00f3dmez\u0151v\u00e1s\u00e1rhely, Tornyai J\u00e1nos u. 15.<\/u><\/span><\/p>\n<p style=\"text-align: center;\"><span style=\"color: #000000;\">Tornyai utcai Telephely szakmai vezet\u0151je: Poly\u00e1kn\u00e9 Czirj\u00e1k Zsuzsanna \u00f3vodapedag\u00f3gus<\/span><\/p>\n<table class=\" aligncenter\">\n<tbody style=\"text-align: center;\">\n<tr>\n<th><span style=\"color: #000000;\">\u00d3vodai csoport<\/span><\/th>\n<th><span style=\"color: #000000;\">csoport<\/span><\/th>\n<th><span style=\"color: #000000;\">\u00f3vodapedag\u00f3gus<\/span><\/th>\n<th><span style=\"color: #000000;\">pedag\u00f3giai asszisztens<\/span><\/th>\n<th><span style=\"color: #000000;\">\u00f3vodai dajka<\/span><\/th>\n<\/tr>\n<tr>\n<td><span style=\"color: #000000;\">Nyuszi csoport<\/span><\/td>\n<td><span style=\"color: #000000;\">k\u00f6z\u00e9ps\u0151csoport<\/span><\/td>\n<td>\n<p><span style=\"color: #000000;\">Poly\u00e1kn\u00e9 Czirj\u00e1k Zsuzsanna<\/span><\/p>\n<p><span style=\"color: #000000;\">Kov\u00e1csn\u00e9 Kardos Be\u00e1ta Judit<\/span><\/p>\n<\/td>\n<td><span style=\"color: #000000;\">B\u00edr\u00f3-Wetzer Di\u00e1na<\/span><\/td>\n<td><span style=\"color: #000000;\">L\u00e9n\u00e1rtn\u00e9 Kiss Ir\u00e9n Krisztina<\/span><\/td>\n<\/tr>\n<tr>\n<td><span style=\"color: #000000;\">Micimack\u00f3 csoport<\/span><\/td>\n<td><span style=\"color: #000000;\">nagycsoport<\/span><\/td>\n<td><span style=\"color: #000000;\">T\u00f3thn\u00e9 Kotosz Andrea<br>Avar Adrienn<\/span><\/td>\n<td><font color=\"#000000\">&#8211;<\/font><\/td>\n<td><span style=\"color: #000000;\">Berta J\u00f3zsef Attil\u00e1n\u00e9<\/span><\/td>\n<\/tr>\n<tr>\n<td><span style=\"color: #000000;\">Pillang\u00f3 csoport<\/span><\/td>\n<td><span style=\"color: #000000;\">kiscsoport<\/span><\/td>\n<td>\n<p><span style=\"color: #000000;\">Pr\u00f3kain\u00e9 Horv\u00e1th \u00c1gnes<\/span><\/p>\n<p><span style=\"color: #000000;\">Tam\u00e1s Ad\u00e9l<\/span><\/p>\n<\/td>\n<td><font color=\"#000000\">P\u00e1vel Zsanett<\/font><\/td>\n<td><span style=\"color: #000000;\">Szalma Ren\u00e1ta<\/span><\/td>\n<\/tr>\n<\/tbody>\n<\/table>\t\t\t\t\t\t\t\t<\/div>\n\t\t\t\t<\/div>\n\t\t\t\t\t<\/div>\n\t\t<\/div>\n\t\t\t\t\t<\/div>\n\t\t<\/section>\n\t\t\t\t<\/div>\n\t\t","protected":false},"excerpt":{"rendered":"<p>H\u00edrek A Tornyai utcai \u00d3voda h\u00edrei Inform\u00e1ci\u00f3 Magunkr\u00f3l A Tornyai Utcai \u00d3voda r\u00f6vid t\u00f6rt\u00e9nete Ismerd meg! Munkat\u00e1rsak Az \u00f3voda dolgoz\u00f3i Ismerd meg! K\u00e9pgal\u00e9ria . Megtekint\u00e9s Tornyai J\u00e1nos utcai \u00f3voda r\u00f6vid t\u00f6rt\u00e9nete 1897-ben \u00e9p\u00edtett\u00e9k fel a sus\u00e1ni \u00f3vod\u00e1t a Koplal\u00f3 kocsma hely\u00e9n a Sug\u00e1r utc\u00e1ban. Az \u00f3vod\u00e1ba t\u00f6bb mint 100 gyermek [&hellip;]<\/p>\n","protected":false},"author":2,"featured_media":0,"parent":314,"menu_order":0,"comment_status":"closed","ping_status":"closed","template":"","meta":{"footnotes":""},"class_list":["post-519","page","type-page","status-publish","hentry"],"_links":{"self":[{"href":"https:\/\/heo.hu\/index.php?rest_route=\/wp\/v2\/pages\/519","targetHints":{"allow":["GET"]}}],"collection":[{"href":"https:\/\/heo.hu\/index.php?rest_route=\/wp\/v2\/pages"}],"about":[{"href":"https:\/\/heo.hu\/index.php?rest_route=\/wp\/v2\/types\/page"}],"author":[{"embeddable":true,"href":"https:\/\/heo.hu\/index.php?rest_route=\/wp\/v2\/users\/2"}],"replies":[{"embeddable":true,"href":"https:\/\/heo.hu\/index.php?rest_route=%2Fwp%2Fv2%2Fcomments&post=519"}],"version-history":[{"count":46,"href":"https:\/\/heo.hu\/index.php?rest_route=\/wp\/v2\/pages\/519\/revisions"}],"predecessor-version":[{"id":2083,"href":"https:\/\/heo.hu\/index.php?rest_route=\/wp\/v2\/pages\/519\/revisions\/2083"}],"up":[{"embeddable":true,"href":"https:\/\/heo.hu\/index.php?rest_route=\/wp\/v2\/pages\/314"}],"wp:attachment":[{"href":"https:\/\/heo.hu\/index.php?rest_route=%2Fwp%2Fv2%2Fmedia&parent=519"}],"curies":[{"name":"wp","href":"https:\/\/api.w.org\/{rel}","templated":true}]}}