{"id":496,"date":"2021-07-19T09:21:49","date_gmt":"2021-07-19T09:21:49","guid":{"rendered":"https:\/\/heo.hu\/?page_id=496"},"modified":"2025-10-17T07:54:20","modified_gmt":"2025-10-17T07:54:20","slug":"szabadsag-teri-ovoda","status":"publish","type":"page","link":"https:\/\/heo.hu\/?page_id=496","title":{"rendered":"Szabads\u00e1g t\u00e9ri \u00d3voda"},"content":{"rendered":"\t\t<div data-elementor-type=\"wp-page\" data-elementor-id=\"496\" class=\"elementor elementor-496\" data-elementor-settings=\"{&quot;ha_cmc_init_switcher&quot;:&quot;no&quot;}\">\n\t\t\t\t\t\t<section class=\"elementor-section elementor-top-section elementor-element elementor-element-908dea8 elementor-section-full_width elementor-section-height-default elementor-section-height-default\" data-id=\"908dea8\" data-element_type=\"section\" data-e-type=\"section\" data-settings=\"{&quot;_ha_eqh_enable&quot;:false}\">\n\t\t\t\t\t\t<div class=\"elementor-container elementor-column-gap-default\">\n\t\t\t\t\t<div class=\"elementor-column elementor-col-100 elementor-top-column elementor-element elementor-element-9fa8882\" data-id=\"9fa8882\" data-element_type=\"column\" data-e-type=\"column\">\n\t\t\t<div class=\"elementor-widget-wrap elementor-element-populated\">\n\t\t\t\t\t\t<div class=\"elementor-element elementor-element-9c587f1 elementor-widget elementor-widget-heading\" data-id=\"9c587f1\" data-element_type=\"widget\" data-e-type=\"widget\" data-widget_type=\"heading.default\">\n\t\t\t\t<div class=\"elementor-widget-container\">\n\t\t\t\t\t<h2 class=\"elementor-heading-title elementor-size-default\">  <\/h2>\t\t\t\t<\/div>\n\t\t\t\t<\/div>\n\t\t\t\t\t<\/div>\n\t\t<\/div>\n\t\t\t\t\t<\/div>\n\t\t<\/section>\n\t\t\t\t<section class=\"elementor-section elementor-top-section elementor-element elementor-element-9e2da48 elementor-section-stretched elementor-section-full_width elementor-section-height-default elementor-section-height-default\" data-id=\"9e2da48\" data-element_type=\"section\" data-e-type=\"section\" data-settings=\"{&quot;stretch_section&quot;:&quot;section-stretched&quot;,&quot;_ha_eqh_enable&quot;:false}\">\n\t\t\t\t\t\t<div class=\"elementor-container elementor-column-gap-default\">\n\t\t\t\t\t<div class=\"elementor-column elementor-col-25 elementor-top-column elementor-element elementor-element-a8b209e\" data-id=\"a8b209e\" data-element_type=\"column\" data-e-type=\"column\">\n\t\t\t<div class=\"elementor-widget-wrap elementor-element-populated\">\n\t\t\t\t\t\t<div class=\"elementor-element elementor-element-7a51e4b ha-card--top ha-card--tablet-top ha-card--mobile-top elementor-widget elementor-widget-ha-card happy-addon ha-card\" data-id=\"7a51e4b\" data-element_type=\"widget\" data-e-type=\"widget\" id=\"#magunkrol\" data-widget_type=\"ha-card.default\">\n\t\t\t\t<div class=\"elementor-widget-container\">\n\t\t\t\t\t\n\t\t\n\t\t<div class=\"ha-card-body\">\n\n\t\t\t<h2 class=\"ha-card-title\">H\u00edrek<\/h2>\n\t\t\t\t\t\t\t<div class=\"ha-card-text\">\n\t\t\t\t\t<p>A Szabads\u00e1g T\u00e9r utcai \u00d3voda h\u00edrei<\/p>\n\t\t\t\t<\/div>\n\t\t\t\n\t\t\t<a class=\"ha-btn\" href=\"https:\/\/heo.hu\/?page_id=1790\"><span class=\"ha-btn-text\">Inform\u00e1ci\u00f3<\/span><\/a>\t\t<\/div>\n\t\t\t\t\t\t<\/div>\n\t\t\t\t<\/div>\n\t\t\t\t\t<\/div>\n\t\t<\/div>\n\t\t\t\t<div class=\"elementor-column elementor-col-25 elementor-top-column elementor-element elementor-element-56ceecc\" data-id=\"56ceecc\" data-element_type=\"column\" data-e-type=\"column\">\n\t\t\t<div class=\"elementor-widget-wrap elementor-element-populated\">\n\t\t\t\t\t\t<div class=\"elementor-element elementor-element-d1f981e ha-card--top ha-card--tablet-top ha-card--mobile-top elementor-widget elementor-widget-ha-card happy-addon ha-card\" data-id=\"d1f981e\" data-element_type=\"widget\" data-e-type=\"widget\" id=\"#bemutat\" data-widget_type=\"ha-card.default\">\n\t\t\t\t<div class=\"elementor-widget-container\">\n\t\t\t\t\t\n\t\t\n\t\t<div class=\"ha-card-body\">\n\n\t\t\t<h2 class=\"ha-card-title\">Magunkr\u00f3l<\/h2>\n\t\t\t\t\t\t\t<div class=\"ha-card-text\">\n\t\t\t\t\t<p>A Szabads\u00e1g T\u00e9ri \u00d3voda r\u00f6vid t\u00f6rt\u00e9nete<\/p>\n\t\t\t\t<\/div>\n\t\t\t\n\t\t\t<a class=\"ha-btn\" href=\"https:\/\/heo.hu\/?page_id=1860\" target=\"_blank\"><span class=\"ha-btn-text\">Ismerd meg!<\/span><\/a>\t\t<\/div>\n\t\t\t\t\t\t<\/div>\n\t\t\t\t<\/div>\n\t\t\t\t\t<\/div>\n\t\t<\/div>\n\t\t\t\t<div class=\"elementor-column elementor-col-25 elementor-top-column elementor-element elementor-element-7b21b30\" data-id=\"7b21b30\" data-element_type=\"column\" data-e-type=\"column\">\n\t\t\t<div class=\"elementor-widget-wrap elementor-element-populated\">\n\t\t\t\t\t\t<div class=\"elementor-element elementor-element-e276ae9 ha-card--top ha-card--tablet-top ha-card--mobile-top elementor-widget elementor-widget-ha-card happy-addon ha-card\" data-id=\"e276ae9\" data-element_type=\"widget\" data-e-type=\"widget\" data-widget_type=\"ha-card.default\">\n\t\t\t\t<div class=\"elementor-widget-container\">\n\t\t\t\t\t\n\t\t\n\t\t<div class=\"ha-card-body\">\n\n\t\t\t<h2 class=\"ha-card-title\">Munkat\u00e1rsak<\/h2>\n\t\t\t\t\t\t\t<div class=\"ha-card-text\">\n\t\t\t\t\t<p>Az \u00f3voda dolgoz\u00f3i<\/p>\n\t\t\t\t<\/div>\n\t\t\t\n\t\t\t<a class=\"ha-btn\" href=\"#szabter_work\"><span class=\"ha-btn-text\">Ismerd meg!<\/span><\/a>\t\t<\/div>\n\t\t\t\t\t\t<\/div>\n\t\t\t\t<\/div>\n\t\t\t\t\t<\/div>\n\t\t<\/div>\n\t\t\t\t<div class=\"elementor-column elementor-col-25 elementor-top-column elementor-element elementor-element-06c1845\" data-id=\"06c1845\" data-element_type=\"column\" data-e-type=\"column\">\n\t\t\t<div class=\"elementor-widget-wrap elementor-element-populated\">\n\t\t\t\t\t\t<div class=\"elementor-element elementor-element-1d1f450 ha-card--top ha-card--tablet-top ha-card--mobile-top elementor-widget elementor-widget-ha-card happy-addon ha-card\" data-id=\"1d1f450\" data-element_type=\"widget\" data-e-type=\"widget\" data-widget_type=\"ha-card.default\">\n\t\t\t\t<div class=\"elementor-widget-container\">\n\t\t\t\t\t\n\t\t\n\t\t<div class=\"ha-card-body\">\n\n\t\t\t<h2 class=\"ha-card-title\">K\u00e9pgal\u00e9ria<\/h2>\n\t\t\t\t\t\t\t<div class=\"ha-card-text\">\n\t\t\t\t\t<p>.<\/p>\n\t\t\t\t<\/div>\n\t\t\t\n\t\t\t<a class=\"ha-btn\" href=\"https:\/\/heo.hu\/?page_id=1713\"><span class=\"ha-btn-text\">Megtekint\u00e9s<\/span><\/a>\t\t<\/div>\n\t\t\t\t\t\t<\/div>\n\t\t\t\t<\/div>\n\t\t\t\t\t<\/div>\n\t\t<\/div>\n\t\t\t\t\t<\/div>\n\t\t<\/section>\n\t\t\t\t<section class=\"elementor-section elementor-top-section elementor-element elementor-element-a37e24c elementor-section-boxed elementor-section-height-default elementor-section-height-default\" data-id=\"a37e24c\" data-element_type=\"section\" data-e-type=\"section\" data-settings=\"{&quot;_ha_eqh_enable&quot;:false}\">\n\t\t\t\t\t\t<div class=\"elementor-container elementor-column-gap-default\">\n\t\t\t\t\t<div class=\"elementor-column elementor-col-100 elementor-top-column elementor-element elementor-element-063784b\" data-id=\"063784b\" data-element_type=\"column\" data-e-type=\"column\">\n\t\t\t<div class=\"elementor-widget-wrap elementor-element-populated\">\n\t\t\t\t\t\t<div class=\"elementor-element elementor-element-a65cd3f elementor-widget-divider--view-line_icon elementor-view-framed elementor-widget-divider--element-align-center ha-has-bg-overlay elementor-widget elementor-widget-divider\" data-id=\"a65cd3f\" data-element_type=\"widget\" data-e-type=\"widget\" data-widget_type=\"divider.default\">\n\t\t\t\t<div class=\"elementor-widget-container\">\n\t\t\t\t\t\t\t<div class=\"elementor-divider\">\n\t\t\t<span class=\"elementor-divider-separator\">\n\t\t\t\t\t\t\t<div class=\"elementor-icon elementor-divider__element\">\n\t\t\t\t\t<i aria-hidden=\"true\" class=\"fas fa-address-card\"><\/i><\/div>\n\t\t\t\t\t\t<\/span>\n\t\t<\/div>\n\t\t\t\t\t\t<\/div>\n\t\t\t\t<\/div>\n\t\t\t\t\t<\/div>\n\t\t<\/div>\n\t\t\t\t\t<\/div>\n\t\t<\/section>\n\t\t\t\t<section class=\"elementor-section elementor-top-section elementor-element elementor-element-0b826a5 elementor-section-boxed elementor-section-height-default elementor-section-height-default\" data-id=\"0b826a5\" data-element_type=\"section\" data-e-type=\"section\" data-settings=\"{&quot;_ha_eqh_enable&quot;:false}\">\n\t\t\t\t\t\t<div class=\"elementor-container elementor-column-gap-default\">\n\t\t\t\t\t<div class=\"elementor-column elementor-col-100 elementor-top-column elementor-element elementor-element-d2c64cf\" data-id=\"d2c64cf\" data-element_type=\"column\" data-e-type=\"column\">\n\t\t\t<div class=\"elementor-widget-wrap elementor-element-populated\">\n\t\t\t\t\t\t<div class=\"elementor-element elementor-element-eb75f3a elementor-widget elementor-widget-text-editor\" data-id=\"eb75f3a\" data-element_type=\"widget\" data-e-type=\"widget\" id=\"be\" data-widget_type=\"text-editor.default\">\n\t\t\t\t<div class=\"elementor-widget-container\">\n\t\t\t\t\t\t\t\t\t<p style=\"text-align: center;\"><span style=\"color: #000000;\"><b>Szabads\u00e1g t\u00e9ri \u00d3voda<\/b><\/span><\/p><p><span style=\"color: #000000;\">Eszt\u00e9tikus, j\u00f3l felszerelt hangulatos csoportszob\u00e1inknak egy\u00e9ni arculata van, k\u00e9szs\u00e9gfejleszt\u0151 j\u00e1t\u00e9kaink, eszk\u00f6zeink a sokir\u00e1ny\u00fa szem\u00e9lyis\u00e9gfejleszt\u00e9st a tev\u00e9kenys\u00e9gi k\u00f6r\u00f6k folyamatos b\u0151v\u00edt\u00e9s\u00e9t a kreat\u00edv fant\u00e1zia motiv\u00e1l\u00e1s\u00e1t seg\u00edtik el\u0151. A gyerekek \u00e1ltal haszn\u00e1lt eszk\u00f6z\u00f6ket, j\u00e1t\u00e9kokat k\u00f6r\u00fcltekint\u0151en, k\u00f6rnyezettudatosan v\u00e1s\u00e1roljuk meg.<\/span><br \/><span style=\"color: #000000;\">Tudatosan kapcsol\u00f3dtunk a \u201eZ\u00f6ld \u00d3voda\u201d orsz\u00e1gos h\u00e1l\u00f3zathoz. Az \u00f3voda udvara megfelel\u0151 helyet \u00e9s teret ad a gyermekek j\u00e1t\u00e9k\u00e1nak. Az udvari eszk\u00f6z\u00f6k p\u00f3tl\u00e1s\u00e1ra nagy hangs\u00falyt fektet\u00fcnk \u00e9s ennek b\u0151v\u00edt\u00e9s\u00e9re keress\u00fck a lehet\u0151s\u00e9geket. Az udvaron igyeksz\u00fcnk kialak\u00edtani mindent, ami seg\u00edtheti a k\u00f6zvetlen (terepi) tapasztalatszerz\u00e9st, k\u00f6rnyezetbar\u00e1t szeml\u00e9let form\u00e1l\u00e1s\u00e1t (mad\u00e1retet\u0151, vir\u00e1goskert).<\/span><br \/><span style=\"color: #000000;\">2003-ban a fenntart\u00f3 megb\u00edz\u00e1s\u00e1b\u00f3l a vil\u00e1g\u00edt\u00f3testeket fel\u00faj\u00edtott\u00e1k, 2006-ban az \u00e9p\u00fclet oldal\u00e1t tatarozt\u00e1k, tet\u0151n jav\u00edt\u00e1si munk\u00e1latokat v\u00e9geztek.<\/span><br \/><span style=\"color: #000000;\">Fejleszt\u0151 szob\u00e1t alak\u00edtottunk ki, t\u00e1rgyi felszerelts\u00e9g\u00e9t folyamatosan b\u0151v\u00edtj\u00fck. A szelekt\u00edv hullad\u00e9kgy\u0171jt\u00e9s, az \u00fajrahasznos\u00edt\u00e1s lehet\u0151s\u00e9geit biztos\u00edtjuk az \u00f3vod\u00e1ban. Az \u00f3voda m\u0171k\u00f6dtet\u00e9se sor\u00e1n a tudatos takar\u00e9koss\u00e1gra, a k\u00f6rnyezetk\u00edm\u00e9l\u0151 anyaghaszn\u00e1latra \u00e9s k\u00f6rnyezet,- ill. kl\u00edmatudatos magatart\u00e1sra nevel\u00fcnk.<\/span><\/p>\t\t\t\t\t\t\t\t<\/div>\n\t\t\t\t<\/div>\n\t\t\t\t\t<\/div>\n\t\t<\/div>\n\t\t\t\t\t<\/div>\n\t\t<\/section>\n\t\t\t\t<section class=\"elementor-section elementor-top-section elementor-element elementor-element-0ec3235 elementor-section-boxed elementor-section-height-default elementor-section-height-default\" data-id=\"0ec3235\" data-element_type=\"section\" data-e-type=\"section\" data-settings=\"{&quot;_ha_eqh_enable&quot;:false}\">\n\t\t\t\t\t\t<div class=\"elementor-container elementor-column-gap-default\">\n\t\t\t\t\t<div class=\"elementor-column elementor-col-100 elementor-top-column elementor-element elementor-element-74565cc\" data-id=\"74565cc\" data-element_type=\"column\" data-e-type=\"column\">\n\t\t\t<div class=\"elementor-widget-wrap elementor-element-populated\">\n\t\t\t\t\t\t<div class=\"elementor-element elementor-element-5b8a1db elementor-widget-divider--view-line_icon elementor-view-framed elementor-widget-divider--element-align-center ha-has-bg-overlay elementor-widget elementor-widget-divider\" data-id=\"5b8a1db\" data-element_type=\"widget\" data-e-type=\"widget\" data-widget_type=\"divider.default\">\n\t\t\t\t<div class=\"elementor-widget-container\">\n\t\t\t\t\t\t\t<div class=\"elementor-divider\">\n\t\t\t<span class=\"elementor-divider-separator\">\n\t\t\t\t\t\t\t<div class=\"elementor-icon elementor-divider__element\">\n\t\t\t\t\t<i aria-hidden=\"true\" class=\"fas fa-address-card\"><\/i><\/div>\n\t\t\t\t\t\t<\/span>\n\t\t<\/div>\n\t\t\t\t\t\t<\/div>\n\t\t\t\t<\/div>\n\t\t\t\t\t<\/div>\n\t\t<\/div>\n\t\t\t\t\t<\/div>\n\t\t<\/section>\n\t\t\t\t<section class=\"elementor-section elementor-top-section elementor-element elementor-element-13c54d2 elementor-section-boxed elementor-section-height-default elementor-section-height-default\" data-id=\"13c54d2\" data-element_type=\"section\" data-e-type=\"section\" data-settings=\"{&quot;_ha_eqh_enable&quot;:false}\">\n\t\t\t\t\t\t<div class=\"elementor-container elementor-column-gap-default\">\n\t\t\t\t\t<div class=\"elementor-column elementor-col-100 elementor-top-column elementor-element elementor-element-1a0f6bc\" data-id=\"1a0f6bc\" data-element_type=\"column\" data-e-type=\"column\">\n\t\t\t<div class=\"elementor-widget-wrap elementor-element-populated\">\n\t\t\t\t\t\t<div class=\"elementor-element elementor-element-9c78a1f elementor-widget elementor-widget-text-editor\" data-id=\"9c78a1f\" data-element_type=\"widget\" data-e-type=\"widget\" id=\"ma\" data-widget_type=\"text-editor.default\">\n\t\t\t\t<div class=\"elementor-widget-container\">\n\t\t\t\t\t\t\t\t\t<h5 align=\"justify\"><span style=\"color: #000000;\"><b><i>Szabads\u00e1g t\u00e9ri Telephely<\/i><\/b> 6800 H\u00f3dmez\u0151v\u00e1s\u00e1rhely Szabads\u00e1g t\u00e9r 93.<\/span><br \/><span style=\"color: #000000;\"><\/span><\/h5><p><strong>A Szabads\u00e1g t\u00e9ri telephely<\/strong> a cs\u00facsi v\u00e1rosr\u00e9szen, b\u00e9rh\u00e1zak k\u00f6zel\u00e9ben tal\u00e1lhat\u00f3. K\u00e9t \u00e1ltal\u00e1nos iskola, egy katolikus templom, a piac \u00e9s a Stadion is az \u00f3voda k\u00f6zel\u00e9ben helyezkedik el.<\/p><p><span style=\"color: #000000;\"><b>A Szabads\u00e1g t\u00e9ri Telephelyen<\/b> saj\u00e1t programjuk \u00e9s a Kl\u00edman\u00f3cska Program soksz\u00edn\u0171 tev\u00e9kenys\u00e9get biztos\u00edt a gyermekek sz\u00e1m\u00e1ra. Fontosnak tartj\u00e1k, hogy a gyermekek tanulj\u00e1k meg az egy\u00fcttes tev\u00e9kenys\u00e9gekben a <i><b>munkamegoszt\u00e1st, az egy\u00fcttm\u0171k\u00f6d\u00e9st, az \u00f6n\u00e9rv\u00e9nyes\u00edt\u00e9st, a t\u00e1rsak elfogad\u00e1s\u00e1t.<\/b><\/i> Kiemelt szerepet kap a kl\u00edmatudatos nevel\u00e9s, valamint a Kincses Kult\u00far\u00f3voda 2018. c. megnyer\u00e9s\u00e9vel a kult\u00farkincsek \u00e1t\u00f6r\u00f6k\u00edt\u00e9se a mindennapokba. Az \u00f3voda rendelkezik a \u201eBoldog \u00d3voda\u201d \u00e9s a \u201eZ\u00f6ld \u00d3voda\u201d megtisztel\u0151 c\u00edmekkel is, melynek \u00e9rt\u00e9keit be\u00e9p\u00edtik az \u00f3vodai nevel\u00e9s-oktat\u00e1sba.<\/span><\/p>\t\t\t\t\t\t\t\t<\/div>\n\t\t\t\t<\/div>\n\t\t\t\t\t<\/div>\n\t\t<\/div>\n\t\t\t\t\t<\/div>\n\t\t<\/section>\n\t\t\t\t<section class=\"elementor-section elementor-top-section elementor-element elementor-element-f0866a6 elementor-section-boxed elementor-section-height-default elementor-section-height-default\" data-id=\"f0866a6\" data-element_type=\"section\" data-e-type=\"section\" data-settings=\"{&quot;_ha_eqh_enable&quot;:false}\">\n\t\t\t\t\t\t<div class=\"elementor-container elementor-column-gap-default\">\n\t\t\t\t\t<div class=\"elementor-column elementor-col-100 elementor-top-column elementor-element elementor-element-dccfa91\" data-id=\"dccfa91\" data-element_type=\"column\" data-e-type=\"column\">\n\t\t\t<div class=\"elementor-widget-wrap elementor-element-populated\">\n\t\t\t\t\t\t<div class=\"elementor-element elementor-element-cb9b1c5 elementor-widget-divider--view-line_icon elementor-view-framed elementor-widget-divider--element-align-center ha-has-bg-overlay elementor-widget elementor-widget-divider\" data-id=\"cb9b1c5\" data-element_type=\"widget\" data-e-type=\"widget\" data-widget_type=\"divider.default\">\n\t\t\t\t<div class=\"elementor-widget-container\">\n\t\t\t\t\t\t\t<div class=\"elementor-divider\">\n\t\t\t<span class=\"elementor-divider-separator\">\n\t\t\t\t\t\t\t<div class=\"elementor-icon elementor-divider__element\">\n\t\t\t\t\t<i aria-hidden=\"true\" class=\"fas fa-address-card\"><\/i><\/div>\n\t\t\t\t\t\t<\/span>\n\t\t<\/div>\n\t\t\t\t\t\t<\/div>\n\t\t\t\t<\/div>\n\t\t\t\t\t<\/div>\n\t\t<\/div>\n\t\t\t\t\t<\/div>\n\t\t<\/section>\n\t\t\t\t<section class=\"elementor-section elementor-top-section elementor-element elementor-element-d02ecc5 elementor-section-boxed elementor-section-height-default elementor-section-height-default\" data-id=\"d02ecc5\" data-element_type=\"section\" data-e-type=\"section\" data-settings=\"{&quot;_ha_eqh_enable&quot;:false}\">\n\t\t\t\t\t\t<div class=\"elementor-container elementor-column-gap-default\">\n\t\t\t\t\t<div class=\"elementor-column elementor-col-50 elementor-top-column elementor-element elementor-element-7371e7c\" data-id=\"7371e7c\" data-element_type=\"column\" data-e-type=\"column\">\n\t\t\t<div class=\"elementor-widget-wrap elementor-element-populated\">\n\t\t\t\t\t\t<div class=\"elementor-element elementor-element-2f8908f elementor-widget elementor-widget-text-editor\" data-id=\"2f8908f\" data-element_type=\"widget\" data-e-type=\"widget\" data-widget_type=\"text-editor.default\">\n\t\t\t\t<div class=\"elementor-widget-container\">\n\t\t\t\t\t\t\t\t\t<h5 style=\"text-align: left;\"><span style=\"color: #000000;\">H\u00f3dmez\u0151v\u00e1s\u00e1rhely Megyei Jog\u00fa V\u00e1ros \u00d6nkorm\u00e1nyzat Szabads\u00e1g t\u00e9ri \u00d3voda<\/span><\/h5><h5 style=\"text-align: left;\"><span style=\"color: #000000;\">6800 H\u00f3dmez\u0151v\u00e1s\u00e1rhely<\/span><br \/><span style=\"color: #000000;\">Szabads\u00e1g t\u00e9r 93.<\/span><\/h5><h5 style=\"text-align: left;\"><span style=\"color: #000000;\">Tel\/fax: 62\/511-149<\/span><br \/><span style=\"color: #000000;\">Email-c\u00edm: <a href=\"mailto:szabadsagovi@heo.hu\" target=\"_blank\" rel=\"noopener\">szabadsagovi@heo.hu<\/a><\/span><\/h5><p><em><strong>Facebook:<\/strong><\/em> <a href=\"https:\/\/www.facebook.com\/p\/Kl%C3%ADman%C3%B3csk%C3%A1k-100069595951123\/?_rdr\" target=\"_blank\" rel=\"noopener\">https:\/\/www.facebook.com\/p\/Kl%C3%ADman%C3%B3csk%C3%A1k-100069595951123\/?_rdr<\/a><\/p><p><em><strong>Pedag\u00f3gus tov\u00e1bb k\u00e9pz\u00e9sek:<\/strong><\/em> <a href=\"https:\/\/www.klimanocskak.hu\/\" target=\"_blank\" rel=\"noopener\">https:\/\/www.klimanocskak.hu\/<\/a><\/p>\t\t\t\t\t\t\t\t<\/div>\n\t\t\t\t<\/div>\n\t\t\t\t\t<\/div>\n\t\t<\/div>\n\t\t\t\t<div class=\"elementor-column elementor-col-50 elementor-top-column elementor-element elementor-element-5310c68\" data-id=\"5310c68\" data-element_type=\"column\" data-e-type=\"column\">\n\t\t\t<div class=\"elementor-widget-wrap elementor-element-populated\">\n\t\t\t\t\t\t<div class=\"elementor-element elementor-element-4342830 elementor-widget elementor-widget-google_maps\" data-id=\"4342830\" data-element_type=\"widget\" data-e-type=\"widget\" data-widget_type=\"google_maps.default\">\n\t\t\t\t<div class=\"elementor-widget-container\">\n\t\t\t\t\t\t\t<div class=\"elementor-custom-embed\">\n\t\t\t<iframe loading=\"lazy\"\n\t\t\t\t\tsrc=\"https:\/\/maps.google.com\/maps?q=H%C3%B3dmez%C5%91v%C3%A1s%C3%A1rhely%20Szabads%C3%A1g%20t%C3%A9r%2093.&#038;t=m&#038;z=10&#038;output=embed&#038;iwloc=near\"\n\t\t\t\t\ttitle=\"H\u00f3dmez\u0151v\u00e1s\u00e1rhely Szabads\u00e1g t\u00e9r 93.\"\n\t\t\t\t\taria-label=\"H\u00f3dmez\u0151v\u00e1s\u00e1rhely Szabads\u00e1g t\u00e9r 93.\"\n\t\t\t><\/iframe>\n\t\t<\/div>\n\t\t\t\t\t\t<\/div>\n\t\t\t\t<\/div>\n\t\t\t\t\t<\/div>\n\t\t<\/div>\n\t\t\t\t\t<\/div>\n\t\t<\/section>\n\t\t\t\t<section class=\"elementor-section elementor-top-section elementor-element elementor-element-b1069cd elementor-section-boxed elementor-section-height-default elementor-section-height-default\" data-id=\"b1069cd\" data-element_type=\"section\" data-e-type=\"section\" data-settings=\"{&quot;_ha_eqh_enable&quot;:false}\">\n\t\t\t\t\t\t<div class=\"elementor-container elementor-column-gap-default\">\n\t\t\t\t\t<div class=\"elementor-column elementor-col-100 elementor-top-column elementor-element elementor-element-174ee40\" data-id=\"174ee40\" data-element_type=\"column\" data-e-type=\"column\">\n\t\t\t<div class=\"elementor-widget-wrap elementor-element-populated\">\n\t\t\t\t\t\t<div class=\"elementor-element elementor-element-ddefee6 elementor-widget elementor-widget-text-editor\" data-id=\"ddefee6\" data-element_type=\"widget\" data-e-type=\"widget\" id=\"szabter_work\" data-widget_type=\"text-editor.default\">\n\t\t\t\t<div class=\"elementor-widget-container\">\n\t\t\t\t\t\t\t\t\t<p><span style=\"color: #000000;\"><u>H\u00f3dmez\u0151v\u00e1s\u00e1rhelyi Egyes\u00edtett \u00d3voda Oldalkos\u00e1r utcai Tagint\u00e9zm\u00e9ny Szabads\u00e1g t\u00e9r Telephely<\/u><\/span><\/p><p><span style=\"color: #000000;\"><u>6800 H\u00f3dmez\u0151v\u00e1s\u00e1rhely, Szabads\u00e1g t\u00e9r 93.<\/u><\/span><\/p><p><span style=\"color: #000000;\">Szabads\u00e1g t\u00e9r Telephely szakmai vezet\u0151je: Boz\u00f3kin\u00e9 Szab\u00f3 Ildik\u00f3 Mesterpedag\u00f3gus, Tehets\u00e9gfejleszt\u0151 pedag\u00f3gus<\/span><\/p>\t\t\t\t\t\t\t\t<\/div>\n\t\t\t\t<\/div>\n\t\t\t\t\t<\/div>\n\t\t<\/div>\n\t\t\t\t\t<\/div>\n\t\t<\/section>\n\t\t\t\t<section class=\"elementor-section elementor-top-section elementor-element elementor-element-39e9828 elementor-section-boxed elementor-section-height-default elementor-section-height-default\" data-id=\"39e9828\" data-element_type=\"section\" data-e-type=\"section\" data-settings=\"{&quot;_ha_eqh_enable&quot;:false}\">\n\t\t\t\t\t\t<div class=\"elementor-container elementor-column-gap-default\">\n\t\t\t\t\t<div class=\"elementor-column elementor-col-100 elementor-top-column elementor-element elementor-element-b828d4e\" data-id=\"b828d4e\" data-element_type=\"column\" data-e-type=\"column\">\n\t\t\t<div class=\"elementor-widget-wrap elementor-element-populated\">\n\t\t\t\t\t\t<div class=\"elementor-element elementor-element-cfef481 elementor-widget elementor-widget-text-editor\" data-id=\"cfef481\" data-element_type=\"widget\" data-e-type=\"widget\" data-widget_type=\"text-editor.default\">\n\t\t\t\t<div class=\"elementor-widget-container\">\n\t\t\t\t\t\t\t\t\t<p><strong>\u00d3vod\u00e1nk dolgoz\u00f3i<\/strong><\/p><p><strong>Maci csoport:\u00a0\u00a0 Boz\u00f3kin\u00e9 Szab\u00f3 Ildik\u00f3 Mesterpedag\u00f3gus, Tehets\u00e9gfejleszt\u0151 pedag\u00f3gus,<\/strong><\/p><p><strong>\u00a0 \u00a0 \u00a0 \u00a0 \u00a0 \u00a0 \u00a0 \u00a0 \u00a0 \u00a0 \u00a0 \u00a0 \u00a0 \u00a0 \u00a0 \u00a0Gombos-T\u00f3dor Elizabet \u00d3vodapedag\u00f3gus K\u00f6rnyezeti nevel\u0151<\/strong><\/p><p><strong>\u00a0\u00a0\u00a0\u00a0\u00a0\u00a0\u00a0\u00a0\u00a0\u00a0\u00a0\u00a0\u00a0\u00a0\u00a0\u00a0\u00a0\u00a0\u00a0\u00a0\u00a0\u00a0\u00a0\u00a0\u00a0\u00a0\u00a0\u00a0\u00a0\u00a0 Gyurkovicsn\u00e9 S\u00e1pi M\u00f3nika Pedag\u00f3gus asszisztens<\/strong><\/p><p><strong>\u00a0\u00a0\u00a0\u00a0\u00a0\u00a0\u00a0\u00a0\u00a0\u00a0\u00a0\u00a0\u00a0\u00a0\u00a0\u00a0\u00a0\u00a0\u00a0\u00a0\u00a0\u00a0\u00a0\u00a0\u00a0\u00a0\u00a0\u00a0\u00a0\u00a0 N\u00e9met T\u00edborn\u00e9 Dajka<\/strong><\/p><p><strong>S\u00fcni csoport:\u00a0\u00a0\u00a0\u00a0 Ag\u00f3cs Kinga \u00d3vodapedag\u00f3gus K\u00f6rnyezeti nevel\u0151<\/strong><\/p><p><strong>\u00a0 \u00a0 \u00a0 \u00a0 \u00a0 \u00a0 \u00a0 \u00a0 \u00a0 \u00a0 \u00a0 \u00a0 \u00a0 \u00a0 \u00a0 \u00a0Sz\u0151ke Be\u00e1ta \u00d3vodapedag\u00f3gus, gy\u00f3gypedag\u00f3giai asszisztens<\/strong><\/p><p><strong>\u00a0\u00a0\u00a0\u00a0\u00a0\u00a0\u00a0\u00a0\u00a0\u00a0\u00a0\u00a0\u00a0\u00a0\u00a0\u00a0\u00a0\u00a0\u00a0\u00a0\u00a0\u00a0\u00a0\u00a0\u00a0\u00a0\u00a0\u00a0\u00a0\u00a0 Gyurkovicsn\u00e9 S\u00e1pi M\u00f3nika Pedag\u00f3gus asszisztens<\/strong><\/p><p><strong>\u00a0\u00a0\u00a0\u00a0\u00a0\u00a0\u00a0\u00a0\u00a0\u00a0\u00a0\u00a0\u00a0\u00a0\u00a0\u00a0\u00a0\u00a0\u00a0\u00a0\u00a0\u00a0\u00a0\u00a0\u00a0\u00a0\u00a0\u00a0\u00a0\u00a0 Cs\u00e1ki Babsch Al\u00edz Dajka<\/strong><\/p>\t\t\t\t\t\t\t\t<\/div>\n\t\t\t\t<\/div>\n\t\t\t\t\t<\/div>\n\t\t<\/div>\n\t\t\t\t\t<\/div>\n\t\t<\/section>\n\t\t\t\t<\/div>\n\t\t","protected":false},"excerpt":{"rendered":"<p>H\u00edrek A Szabads\u00e1g T\u00e9r utcai \u00d3voda h\u00edrei Inform\u00e1ci\u00f3 Magunkr\u00f3l A Szabads\u00e1g T\u00e9ri \u00d3voda r\u00f6vid t\u00f6rt\u00e9nete Ismerd meg! Munkat\u00e1rsak Az \u00f3voda dolgoz\u00f3i Ismerd meg! K\u00e9pgal\u00e9ria . Megtekint\u00e9s Szabads\u00e1g t\u00e9ri \u00d3voda Eszt\u00e9tikus, j\u00f3l felszerelt hangulatos csoportszob\u00e1inknak egy\u00e9ni arculata van, k\u00e9szs\u00e9gfejleszt\u0151 j\u00e1t\u00e9kaink, eszk\u00f6zeink a sokir\u00e1ny\u00fa szem\u00e9lyis\u00e9gfejleszt\u00e9st a tev\u00e9kenys\u00e9gi k\u00f6r\u00f6k folyamatos b\u0151v\u00edt\u00e9s\u00e9t a kreat\u00edv [&hellip;]<\/p>\n","protected":false},"author":2,"featured_media":0,"parent":302,"menu_order":0,"comment_status":"closed","ping_status":"closed","template":"","meta":{"footnotes":""},"class_list":["post-496","page","type-page","status-publish","hentry"],"_links":{"self":[{"href":"https:\/\/heo.hu\/index.php?rest_route=\/wp\/v2\/pages\/496","targetHints":{"allow":["GET"]}}],"collection":[{"href":"https:\/\/heo.hu\/index.php?rest_route=\/wp\/v2\/pages"}],"about":[{"href":"https:\/\/heo.hu\/index.php?rest_route=\/wp\/v2\/types\/page"}],"author":[{"embeddable":true,"href":"https:\/\/heo.hu\/index.php?rest_route=\/wp\/v2\/users\/2"}],"replies":[{"embeddable":true,"href":"https:\/\/heo.hu\/index.php?rest_route=%2Fwp%2Fv2%2Fcomments&post=496"}],"version-history":[{"count":71,"href":"https:\/\/heo.hu\/index.php?rest_route=\/wp\/v2\/pages\/496\/revisions"}],"predecessor-version":[{"id":3476,"href":"https:\/\/heo.hu\/index.php?rest_route=\/wp\/v2\/pages\/496\/revisions\/3476"}],"up":[{"embeddable":true,"href":"https:\/\/heo.hu\/index.php?rest_route=\/wp\/v2\/pages\/302"}],"wp:attachment":[{"href":"https:\/\/heo.hu\/index.php?rest_route=%2Fwp%2Fv2%2Fmedia&parent=496"}],"curies":[{"name":"wp","href":"https:\/\/api.w.org\/{rel}","templated":true}]}}