{"id":1845,"date":"2022-03-28T11:50:45","date_gmt":"2022-03-28T11:50:45","guid":{"rendered":"https:\/\/heo.hu\/?page_id=1845"},"modified":"2022-03-28T12:39:30","modified_gmt":"2022-03-28T12:39:30","slug":"magunkrol-tornyai-utcai-ovoda","status":"publish","type":"page","link":"https:\/\/heo.hu\/?page_id=1845","title":{"rendered":"Magunkr\u00f3l &#8211; Tornyai utcai \u00d3voda"},"content":{"rendered":"\t\t<div data-elementor-type=\"wp-page\" data-elementor-id=\"1845\" class=\"elementor elementor-1845\" data-elementor-settings=\"{&quot;ha_cmc_init_switcher&quot;:&quot;no&quot;}\">\n\t\t\t\t\t\t<section class=\"elementor-section elementor-top-section elementor-element elementor-element-146bb83 elementor-section-boxed elementor-section-height-default elementor-section-height-default\" data-id=\"146bb83\" data-element_type=\"section\" data-e-type=\"section\" data-settings=\"{&quot;_ha_eqh_enable&quot;:false}\">\n\t\t\t\t\t\t<div class=\"elementor-container elementor-column-gap-default\">\n\t\t\t\t\t<div class=\"elementor-column elementor-col-100 elementor-top-column elementor-element elementor-element-3cef539\" data-id=\"3cef539\" data-element_type=\"column\" data-e-type=\"column\">\n\t\t\t<div class=\"elementor-widget-wrap elementor-element-populated\">\n\t\t\t\t\t\t<div class=\"elementor-element elementor-element-9bef8bf elementor-widget elementor-widget-image\" data-id=\"9bef8bf\" data-element_type=\"widget\" data-e-type=\"widget\" data-widget_type=\"image.default\">\n\t\t\t\t<div class=\"elementor-widget-container\">\n\t\t\t\t\t\t\t\t\t\t\t\t\t\t\t<img fetchpriority=\"high\" decoding=\"async\" width=\"523\" height=\"524\" src=\"https:\/\/heo.hu\/wp-content\/uploads\/2022\/03\/tornyai_logo.jpg\" class=\"attachment-large size-large wp-image-1908\" alt=\"\" srcset=\"https:\/\/heo.hu\/wp-content\/uploads\/2022\/03\/tornyai_logo.jpg 523w, https:\/\/heo.hu\/wp-content\/uploads\/2022\/03\/tornyai_logo-300x300.jpg 300w, https:\/\/heo.hu\/wp-content\/uploads\/2022\/03\/tornyai_logo-150x150.jpg 150w\" sizes=\"(max-width: 523px) 100vw, 523px\" \/>\t\t\t\t\t\t\t\t\t\t\t\t\t\t\t<\/div>\n\t\t\t\t<\/div>\n\t\t\t\t\t<\/div>\n\t\t<\/div>\n\t\t\t\t\t<\/div>\n\t\t<\/section>\n\t\t\t\t<section class=\"elementor-section elementor-top-section elementor-element elementor-element-09275aa elementor-section-boxed elementor-section-height-default elementor-section-height-default\" data-id=\"09275aa\" data-element_type=\"section\" data-e-type=\"section\" data-settings=\"{&quot;_ha_eqh_enable&quot;:false}\">\n\t\t\t\t\t\t<div class=\"elementor-container elementor-column-gap-default\">\n\t\t\t\t\t<div class=\"elementor-column elementor-col-100 elementor-top-column elementor-element elementor-element-14ecd3d\" data-id=\"14ecd3d\" data-element_type=\"column\" data-e-type=\"column\">\n\t\t\t<div class=\"elementor-widget-wrap elementor-element-populated\">\n\t\t\t\t\t\t<div class=\"elementor-element elementor-element-e3bbd92 elementor-widget elementor-widget-text-editor\" data-id=\"e3bbd92\" data-element_type=\"widget\" data-e-type=\"widget\" data-widget_type=\"text-editor.default\">\n\t\t\t\t<div class=\"elementor-widget-container\">\n\t\t\t\t\t\t\t\t\t<h3 style=\"text-align: center;\"><span style=\"color: #000000;\">Magunkr\u00f3l\u2026<\/span><\/h3>\n<p><\/p>\n<p><span style=\"color: #000000;\">\u00d3vod\u00e1nk h\u00e1rom csoportos int\u00e9zm\u00e9ny, mely a hazai \u00f3vodapedag\u00f3giai hagyom\u00e1nyok \u00e9rt\u00e9keire \u00e9p\u00edtve, eredm\u00e9nyeinek megtart\u00e1sa mellett, az \u00faj pedag\u00f3giai t\u00f6rekv\u00e9sek figyelembev\u00e9tel\u00e9vel k\u00e9sz\u00edtette el helyi pedag\u00f3giai programj\u00e1t.<\/span><\/p>\n<p><br \/><span style=\"color: #000000;\">A programunkban kiemelt hangs\u00falyt kapnak az\u00a0<strong>eg\u00e9szs\u00e9ges \u00e9letm\u00f3d<\/strong>\u00a0kialak\u00edt\u00e1s\u00e1hoz sz\u00fcks\u00e9ges nevel\u00e9si ter\u00fcletek, a jeles napokhoz k\u00f6t\u0151d\u0151 n\u00e9p<strong>hagyom\u00e1nyok \u00e1pol\u00e1sa<\/strong>, valamint a\u00a0<strong>k\u00f6rnyezeti nevel\u00e9s<\/strong>.<\/span><\/p>\n<p><span style=\"color: #000000;\">Az \u00f3vodai nevel\u0151munk\u00e1nkat a term\u00e9szeti \u00e9s t\u00e1rsadalmi k\u00f6rnyezet k\u00f6r\u00e9 csoportos\u00edtjuk, hiszen ez a k\u00f6zeg az, amely term\u00e9szetes m\u00f3don mindent \u00e1t\u00f6lel, amir\u0151l az \u00f3vod\u00e1s gyermeknek ismeretei vannak, ez\u00e1ltal a gyermeki l\u00e9lekhez, gondolkod\u00e1shoz k\u00f6zel \u00e1ll.<\/span><\/p>\n<p><\/p>\n<p><span style=\"color: #000000;\">\u00d3vodai nevel\u00e9s\u00fcnk a gyermeki szem\u00e9lyis\u00e9g sokoldal\u00fa fejleszt\u00e9s\u00e9re t\u00f6rekszik, figyelembe v\u00e9ve a csal\u00e1di nevel\u00e9s saj\u00e1toss\u00e1gait, a gyermekek egy\u00e9ni k\u00e9pess\u00e9geit<strong>.<\/strong> <strong>C\u00e9lunk<\/strong> a 3-6-7 (8) \u00e9ves gyermekek sokoldal\u00fa, harmonikus szem\u00e9lyis\u00e9gfejleszt\u00e9se az \u00e9letkori \u00e9s egy\u00e9ni saj\u00e1toss\u00e1goknak megfelel\u0151en, term\u00e9szeti \u00e9s t\u00e1rsadalmi k\u00f6rnyezet\u00fckb\u0151l mer\u00edtett sokoldal\u00fa tapasztalatszerz\u00e9s \u00e9s \u00e9lm\u00e9nyny\u00fajt\u00e1s \u00e1ltal, ide\u00e9rtve a k\u00fcl\u00f6nleges gondoz\u00e1st ig\u00e9nyl\u0151 gyermekek ell\u00e1t\u00e1s\u00e1t is \u00e9s figyelembe v\u00e9ve az elt\u00e9r\u0151 fejl\u0151d\u00e9si \u00fctemet.<\/span><\/p>\n<p><\/p>\n<p><span style=\"color: #000000;\">Biztos\u00edtjuk a sokf\u00e9le, v\u00e1ltozatos, j\u00e1t\u00e9kos, mozg\u00e1sos megismer\u00e9sen alapul\u00f3 tev\u00e9kenys\u00e9geket, melyeket eg\u00e9sz nap \u00e1thatja az anyanyelvi nevel\u00e9s. A csal\u00e1di nevel\u00e9st kieg\u00e9sz\u00edtj\u00fck, de nem vessz\u00fck \u00e1t a szerep\u00e9t.<\/span><\/p>\n<p><\/p>\n<p><span style=\"color: #000000;\">\u00d3vod\u00e1nk\u00a0\u00e9vek \u00f3ta nagy hangs\u00falyt fektet az\u00a0<strong>es\u00e9lyegyenl\u0151s\u00e9g, az egyenl\u0151 b\u00e1n\u00e1sm\u00f3d\u00a0 <\/strong>k\u00f6vetelm\u00e9nyeinek val\u00f3 megfelel\u00e9s ter\u00fclet\u00e9n.<\/span><br \/><br \/><span style=\"color: #000000;\">A Helyi Pedag\u00f3giai Programunk tartalmazza azokat a nevel\u00e9si-oktat\u00e1si feladatokat, melyek biztos\u00edtj\u00e1k a sokoldal\u00fa szem\u00e9lyis\u00e9g fejleszt\u00e9s mellett a differenci\u00e1lt fejleszt\u00e9s lehet\u0151s\u00e9g\u00e9t is. \u00a0De nemcsak a k\u00e9pess\u00e9gfejleszt\u00e9s kap kiemelt hangs\u00falyt, hanem a gondoz\u00e1s ter\u00fclet\u00e9n is seg\u00edtj\u00fck, kiemelten kezelj\u00fck \u00a0az eg\u00e9szs\u00e9gmeg\u0151rz\u00e9st, a ment\u00e1lis \u00e9s szocializ\u00e1ci\u00f3s k\u00e9pess\u00e9gek fejleszt\u00e9s\u00e9t.<\/span><br \/><br \/><\/p>\n<p><span style=\"color: #000000;\">Az\u00a0<strong>\u00f3voda-iskola \u00e1tmenet\u00a0<\/strong>probl\u00e9m\u00e1inak kik\u00fcsz\u00f6b\u00f6l\u00e9s\u00e9re nagyon j\u00f3 kapcsolatot \u00e1polunk a v\u00e1rosi iskol\u00e1kkal, az \u0151 programjaikra is sz\u00edvesen mennek nagycsoportos \u00f3vod\u00e1sok sz\u00fcleikkel.<\/span><\/p>\n<p><\/p>\n<p><span style=\"color: #000000;\">Az \u00f3vodai <strong>rendezv\u00e9nyeket, programokat szervezz\u00fck<\/strong>, rendez\u00fcnk, melyek c\u00e9lja a csal\u00e1dok \u00e9s az \u00f3voda illetve a gyermek-sz\u00fcl\u0151 kapcsolat\u00e1nak m\u00e9ly\u00edt\u00e9se.(Adventi k\u00e9sz\u00fcl\u0151d\u00e9s, Farsang, H\u00fasv\u00e9ti k\u00e9sz\u00fcl\u0151d\u00e9s, Gyereknap)<\/span><\/p>\n<p><\/p>\n<p><span style=\"color: #000000;\"><strong><em><u>\u00d3vod\u00e1nk szolg\u00e1ltat\u00e1sai:<\/u><\/em><\/strong><\/span><\/p>\n<ul>\n<li><span style=\"color: #000000;\">logop\u00e9diai, gy\u00f3gypedag\u00f3giai fejleszt\u00e9s<\/span><\/li>\n<li><span style=\"color: #000000;\">sz\u00ednh\u00e1zl\u00e1togat\u00e1s<\/span><\/li>\n<li><span style=\"color: #000000;\">az \u00f3voda b\u00e1bcsoportj\u00e1nak vid\u00e1m el\u0151ad\u00e1sain val\u00f3 r\u00e9szv\u00e9tel<\/span><\/li>\n<li><span style=\"color: #000000;\">BOZSIK program<\/span><\/li>\n<li><span style=\"color: #000000;\">labd\u00e1s k\u00e9pess\u00e9gfejleszt\u00e9sre szakedz\u0151 \u00e1ltal<\/span><\/li>\n<li><span style=\"color: #000000;\">iskolabusz szolg\u00e1ltat\u00e1s- k\u00fclter\u00fcletr\u0151l \u00e9rkez\u0151 \u00f3vod\u00e1saink sz\u00e1m\u00e1ra<\/span><\/li>\n<\/ul>\n<p><\/p>\n<p><span style=\"color: #000000;\">Az \u00d6nkorm\u00e1nyzat t\u00e1mogat\u00e1s\u00e1val is seg\u00edtj\u00fck az\u00a0<strong>es\u00e9lyegyenl\u0151s\u00e9g<\/strong>\u00a0min\u00e9l sz\u00e9lesebb k\u00f6rben t\u00f6rt\u00e9n\u0151 biztos\u00edt\u00e1s\u00e1t:<\/span><\/p>\n<p style=\"padding-left: 40px;\"><span style=\"color: #000000;\"><br \/><\/span><span style=\"color: #000000;\">&#8211; mindenki sz\u00e1m\u00e1ra a\u00a0<strong>Pedag\u00f3giai Szakszolg\u00e1lat<\/strong>\u00a0ig\u00e9nybev\u00e9tel\u00e9t<\/span><br \/><span style=\"color: #000000;\">&#8211; az<strong>\u00a0ingyenes \u00e9tkez\u00e9s<\/strong>\u00a0lehet\u0151s\u00e9g\u00e9t az arra r\u00e1szorul\u00f3knak<\/span><br \/><br \/><\/p>\n<p><span style=\"color: #000000;\">Valljuk, hogy a gyermek sz\u00e1m\u00e1ra legfontosabb \u00e9lm\u00e9nyforr\u00e1s a<strong>\u00a0j\u00e1t\u00e9k<\/strong>, ez\u00e9rt biztos\u00edtjuk a sokf\u00e9le, v\u00e1ltozatos, j\u00e1t\u00e9kos, megismer\u00e9sen alapul\u00f3, j\u00e1t\u00e9kba integr\u00e1lt cselekv\u00e9ses tanul\u00e1si tev\u00e9kenys\u00e9geket.<\/span><\/p>\n<p><span style=\"color: #000000;\">\u00a0A sz\u00fcks\u00e9g szerinti egy\u00e9ni differenci\u00e1lt \u00e9s csoportos fejleszt\u00e9seket a m\u00e1r 2008. \u00e9vben bevezetett\u00a0<strong>Difer m\u00e9r\u00e9s<\/strong>ek f\u00fcggv\u00e9ny\u00e9ben v\u00e9gezz\u00fck. 2022-t\u0151l m\u00e1r online Difer m\u00e9r\u00e9sre is van lehet\u0151s\u00e9g, a fenntart\u00f3 \u00e1ltal biztos\u00edtott tabletek seg\u00edts\u00e9g\u00e9vel.<\/span><\/p>\n<p><\/p>\n<p><span style=\"color: #000000;\">\u00d3vodapedag\u00f3gusaink r\u00e9szt vesznek szakmai konferenci\u00e1kon, tov\u00e1bbk\u00e9pz\u00e9seken, melyek \u00a0lehet\u0151s\u00e9get biztos\u00edtottak m\u00f3dszertani meg\u00fajul\u00e1s\u00e1ra, projekthetek, saj\u00e1t innov\u00e1ci\u00f3k \u00e9s j\u00f3 gyakorlatok kidolgoz\u00e1s\u00e1ra.<\/span><\/p>\n<p><span style=\"color: #000000;\"><strong>\u00a0<\/strong><\/span><\/p>\n<p style=\"text-align: center;\"><span style=\"color: #000000;\"><strong>J\u00f3 gyakorlataink<\/strong><\/span><\/p>\n<p style=\"text-align: center;\"><span style=\"color: #000000;\">\u00a0\u201cHetedh\u00e9t zeneh\u00e9t\u201d<\/span><\/p>\n<p style=\"text-align: center;\"><span style=\"color: #000000;\">\u201cSzedegetett sz\u0151l\u0151szemek\u201d<\/span><\/p>\n<p style=\"text-align: center;\"><span style=\"color: #000000;\"><strong>Saj\u00e1t innov\u00e1ci\u00f3ink:<\/strong><\/span><\/p>\n<p style=\"text-align: center;\"><span style=\"color: #000000;\">Fejleszt\u0151 elj\u00e1r\u00e1sok az \u00f3vod\u00e1ban<\/span><\/p>\n<p style=\"text-align: center;\"><span style=\"color: #000000;\">\u201eM\u00e1ss\u00e1gfejleszt\u00e9s\u201d<\/span><\/p>\n<p style=\"text-align: center;\"><span style=\"color: #000000;\"><strong>H\u00e1romhetet meghalad\u00f3 projekt:<\/strong><\/span><\/p>\n<p style=\"text-align: center;\"><span style=\"color: #000000;\">\u00a0Tavaszvar\u00e1zs- \u00e9bred\u0151 term\u00e9szet.<\/span><\/p>\n<p><\/p>\n<p><span style=\"color: #000000;\">\u00d3vod\u00e1nk 2015 \u00e9vben megkapta a <strong>Z\u00f6ld \u00d3voda<\/strong> c\u00edmet.<\/span><\/p>\n<ul>\n<li><span style=\"color: #000000;\">int\u00e9zm\u00e9ny\u00fcnk nagy hangs\u00falyt fektet a k\u00f6rnyezeti nevel\u00e9sre<\/span><\/li>\n<li><span style=\"color: #000000;\">lehet\u0151s\u00e9geinkhez m\u00e9rten szervez\u00fcnk \u00e9lm\u00e9nyszerz\u0151 kir\u00e1ndul\u00e1sokat \u00f3vod\u00e1saink sz\u00e1m\u00e1ra<\/span><\/li>\n<\/ul>\n<p><\/p>\n<p><span style=\"color: #000000;\">2021-ben elnyert\u00fck a <strong>Biztons\u00e1gos \u00d3voda<\/strong> c\u00edmet.<\/span><\/p>\n<ul>\n<li><span style=\"color: #000000;\">gyermekek j\u00e1t\u00e9kos tev\u00e9kenys\u00e9geken kereszt\u00fcl ismerhetik meg az \u0151ket \u00e9rint\u0151 k\u00f6zleked\u00e9si szab\u00e1lyokat<\/span><\/li>\n<li><span style=\"color: #000000;\">ehhez sz\u00fcks\u00e9ges eszk\u00f6z\u00f6ket folyamatosan szerezz\u00fck be (j\u00e1rm\u0171vek, t\u00e1bl\u00e1k, stb.) \u00e9s biztos\u00edtjuk a megfelel\u0151 helysz\u00ednt is az udvarunkon.<\/span><\/li>\n<\/ul>\n<p><\/p>\n<p><span style=\"color: #000000;\">Folyamatosan keress\u00fck a lehet\u0151s\u00e9geket p\u00e1ly\u00e1zatok \u00e9s egy\u00e9b m\u00f3don, amivel b\u0151v\u00edthetj\u00fck \u00f3vod\u00e1nk eszk\u00f6zt\u00e1r\u00e1t, t\u00e1rgyi felt\u00e9teleit, sz\u00e9p\u00edthetj\u00fck k\u00f6rnyezet\u00fcnket, ez\u00e1ltal megteremthetj\u00fck, hogy az \u00f3vod\u00e1nkba j\u00e1r\u00f3 gyermekek min\u00e9l t\u00f6bb \u00e9lm\u00e9nyben r\u00e9szes\u00fcljenek, gazdagodjanak.<\/span><\/p>\n<p><\/p>\n<p style=\"text-align: center;\"><span style=\"color: #000000;\">\u201e A legt\u00f6bb, amit gyerekeinknek adhatunk: gy\u00f6kerek \u00e9s sz\u00e1rnyak!\u201d<\/span><\/p>\n<p style=\"text-align: center;\"><span style=\"color: #000000;\">(Hodding Carter)<\/span><\/p>\t\t\t\t\t\t\t\t<\/div>\n\t\t\t\t<\/div>\n\t\t\t\t\t<\/div>\n\t\t<\/div>\n\t\t\t\t\t<\/div>\n\t\t<\/section>\n\t\t\t\t<\/div>\n\t\t","protected":false},"excerpt":{"rendered":"<p>Magunkr\u00f3l\u2026 \u00d3vod\u00e1nk h\u00e1rom csoportos int\u00e9zm\u00e9ny, mely a hazai \u00f3vodapedag\u00f3giai hagyom\u00e1nyok \u00e9rt\u00e9keire \u00e9p\u00edtve, eredm\u00e9nyeinek megtart\u00e1sa mellett, az \u00faj pedag\u00f3giai t\u00f6rekv\u00e9sek figyelembev\u00e9tel\u00e9vel k\u00e9sz\u00edtette el helyi pedag\u00f3giai programj\u00e1t. A programunkban kiemelt hangs\u00falyt kapnak az\u00a0eg\u00e9szs\u00e9ges \u00e9letm\u00f3d\u00a0kialak\u00edt\u00e1s\u00e1hoz sz\u00fcks\u00e9ges nevel\u00e9si ter\u00fcletek, a jeles napokhoz k\u00f6t\u0151d\u0151 n\u00e9phagyom\u00e1nyok \u00e1pol\u00e1sa, valamint a\u00a0k\u00f6rnyezeti nevel\u00e9s. Az \u00f3vodai nevel\u0151munk\u00e1nkat a term\u00e9szeti \u00e9s [&hellip;]<\/p>\n","protected":false},"author":2,"featured_media":0,"parent":0,"menu_order":0,"comment_status":"closed","ping_status":"closed","template":"","meta":{"footnotes":""},"class_list":["post-1845","page","type-page","status-publish","hentry"],"_links":{"self":[{"href":"https:\/\/heo.hu\/index.php?rest_route=\/wp\/v2\/pages\/1845","targetHints":{"allow":["GET"]}}],"collection":[{"href":"https:\/\/heo.hu\/index.php?rest_route=\/wp\/v2\/pages"}],"about":[{"href":"https:\/\/heo.hu\/index.php?rest_route=\/wp\/v2\/types\/page"}],"author":[{"embeddable":true,"href":"https:\/\/heo.hu\/index.php?rest_route=\/wp\/v2\/users\/2"}],"replies":[{"embeddable":true,"href":"https:\/\/heo.hu\/index.php?rest_route=%2Fwp%2Fv2%2Fcomments&post=1845"}],"version-history":[{"count":4,"href":"https:\/\/heo.hu\/index.php?rest_route=\/wp\/v2\/pages\/1845\/revisions"}],"predecessor-version":[{"id":1911,"href":"https:\/\/heo.hu\/index.php?rest_route=\/wp\/v2\/pages\/1845\/revisions\/1911"}],"wp:attachment":[{"href":"https:\/\/heo.hu\/index.php?rest_route=%2Fwp%2Fv2%2Fmedia&parent=1845"}],"curies":[{"name":"wp","href":"https:\/\/api.w.org\/{rel}","templated":true}]}}