{"id":1713,"date":"2022-03-28T08:18:01","date_gmt":"2022-03-28T08:18:01","guid":{"rendered":"https:\/\/heo.hu\/?page_id=1713"},"modified":"2024-03-27T11:10:11","modified_gmt":"2024-03-27T11:10:11","slug":"galeria-szabadsag-teri-ovoda","status":"publish","type":"page","link":"https:\/\/heo.hu\/?page_id=1713","title":{"rendered":"Gal\u00e9ria Szabads\u00e1g t\u00e9ri \u00d3voda"},"content":{"rendered":"\t\t<div data-elementor-type=\"wp-page\" data-elementor-id=\"1713\" class=\"elementor elementor-1713\" data-elementor-settings=\"{&quot;ha_cmc_init_switcher&quot;:&quot;no&quot;}\">\n\t\t\t\t\t\t<section class=\"elementor-section elementor-top-section elementor-element elementor-element-1cafdc7d elementor-section-boxed elementor-section-height-default elementor-section-height-default\" data-id=\"1cafdc7d\" data-element_type=\"section\" data-e-type=\"section\" data-settings=\"{&quot;_ha_eqh_enable&quot;:false}\">\n\t\t\t\t\t\t<div class=\"elementor-container elementor-column-gap-default\">\n\t\t\t\t\t<div class=\"elementor-column elementor-col-100 elementor-top-column elementor-element elementor-element-3a2a7c3f\" data-id=\"3a2a7c3f\" data-element_type=\"column\" data-e-type=\"column\">\n\t\t\t<div class=\"elementor-widget-wrap elementor-element-populated\">\n\t\t\t\t\t\t<div class=\"elementor-element elementor-element-63b2f0ce elementor-widget elementor-widget-text-editor\" data-id=\"63b2f0ce\" data-element_type=\"widget\" data-e-type=\"widget\" data-widget_type=\"text-editor.default\">\n\t\t\t\t<div class=\"elementor-widget-container\">\n\t\t\t\t\t\t\t\t\t\n<div class=\"wp-block-themeisle-blocks-advanced-columns has-undefined-columns has-desktop-undefined-layout has-tablet-equal-layout has-mobile-equal-layout has-default-gap has-vertical-unset\" id=\"wp-block-themeisle-blocks-advanced-columns-ca3b98a0\"><div class=\"wp-block-themeisle-blocks-advanced-columns-overlay\"><\/div><div class=\"innerblocks-wrap\"><\/div><\/div>\n\t\t\t\t\t\t\t\t<\/div>\n\t\t\t\t<\/div>\n\t\t\t\t\t<\/div>\n\t\t<\/div>\n\t\t\t\t\t<\/div>\n\t\t<\/section>\n\t\t\t\t<section class=\"elementor-section elementor-top-section elementor-element elementor-element-7428dc4 elementor-section-boxed elementor-section-height-default elementor-section-height-default\" data-id=\"7428dc4\" data-element_type=\"section\" data-e-type=\"section\" data-settings=\"{&quot;_ha_eqh_enable&quot;:false}\">\n\t\t\t\t\t\t<div class=\"elementor-container elementor-column-gap-default\">\n\t\t\t\t\t<div class=\"elementor-column elementor-col-100 elementor-top-column elementor-element elementor-element-9d8b7e9\" data-id=\"9d8b7e9\" data-element_type=\"column\" data-e-type=\"column\">\n\t\t\t<div class=\"elementor-widget-wrap elementor-element-populated\">\n\t\t\t\t\t\t<div class=\"elementor-element elementor-element-7e6d1f8 elementor-align-center elementor-widget elementor-widget-button\" data-id=\"7e6d1f8\" data-element_type=\"widget\" data-e-type=\"widget\" data-widget_type=\"button.default\">\n\t\t\t\t<div class=\"elementor-widget-container\">\n\t\t\t\t\t\t\t\t\t<div class=\"elementor-button-wrapper\">\n\t\t\t\t\t<a class=\"elementor-button elementor-button-link elementor-size-sm\" href=\"https:\/\/heo.hu\/wp-content\/uploads\/2024\/03\/Kepek2.pdf\" target=\"_blank\">\n\t\t\t\t\t\t<span class=\"elementor-button-content-wrapper\">\n\t\t\t\t\t\t\t\t\t<span class=\"elementor-button-text\">A k\u00e9pek megtekint\u00e9s\u00e9hez kattintson ide<\/span>\n\t\t\t\t\t<\/span>\n\t\t\t\t\t<\/a>\n\t\t\t\t<\/div>\n\t\t\t\t\t\t\t\t<\/div>\n\t\t\t\t<\/div>\n\t\t\t\t\t<\/div>\n\t\t<\/div>\n\t\t\t\t\t<\/div>\n\t\t<\/section>\n\t\t\t\t<\/div>\n\t\t","protected":false},"excerpt":{"rendered":"<p>A k\u00e9pek megtekint\u00e9s\u00e9hez kattintson ide<\/p>\n","protected":false},"author":2,"featured_media":0,"parent":0,"menu_order":0,"comment_status":"closed","ping_status":"closed","template":"","meta":{"footnotes":""},"class_list":["post-1713","page","type-page","status-publish","hentry"],"_links":{"self":[{"href":"https:\/\/heo.hu\/index.php?rest_route=\/wp\/v2\/pages\/1713","targetHints":{"allow":["GET"]}}],"collection":[{"href":"https:\/\/heo.hu\/index.php?rest_route=\/wp\/v2\/pages"}],"about":[{"href":"https:\/\/heo.hu\/index.php?rest_route=\/wp\/v2\/types\/page"}],"author":[{"embeddable":true,"href":"https:\/\/heo.hu\/index.php?rest_route=\/wp\/v2\/users\/2"}],"replies":[{"embeddable":true,"href":"https:\/\/heo.hu\/index.php?rest_route=%2Fwp%2Fv2%2Fcomments&post=1713"}],"version-history":[{"count":32,"href":"https:\/\/heo.hu\/index.php?rest_route=\/wp\/v2\/pages\/1713\/revisions"}],"predecessor-version":[{"id":2890,"href":"https:\/\/heo.hu\/index.php?rest_route=\/wp\/v2\/pages\/1713\/revisions\/2890"}],"wp:attachment":[{"href":"https:\/\/heo.hu\/index.php?rest_route=%2Fwp%2Fv2%2Fmedia&parent=1713"}],"curies":[{"name":"wp","href":"https:\/\/api.w.org\/{rel}","templated":true}]}}